{"id":183,"date":"2022-12-05T15:43:44","date_gmt":"2022-12-05T15:43:44","guid":{"rendered":"https:\/\/flymetotheloom.com\/thank-you-page\/"},"modified":"2025-06-17T08:30:15","modified_gmt":"2025-06-17T06:30:15","slug":"a-termekekrol","status":"publish","type":"page","link":"https:\/\/flymetotheloom.com\/eng\/about-my-products\/","title":{"rendered":"About my products"},"content":{"rendered":"<div data-elementor-type=\"wp-page\" data-elementor-id=\"183\" class=\"elementor elementor-183\" data-elementor-post-type=\"page\">\n\t\t\t\t\t\t<section class=\"elementor-section elementor-top-section elementor-element elementor-element-1138f90 elementor-section-boxed elementor-section-height-default elementor-section-height-default\" data-id=\"1138f90\" data-element_type=\"section\">\n\t\t\t\t\t\t<div class=\"elementor-container elementor-column-gap-default\">\n\t\t\t\t\t<div class=\"elementor-column elementor-col-100 elementor-top-column elementor-element elementor-element-f980172\" data-id=\"f980172\" data-element_type=\"column\">\n\t\t\t<div class=\"elementor-widget-wrap elementor-element-populated\">\n\t\t\t\t\t\t<div class=\"elementor-element elementor-element-91bf0d2 elementor-widget elementor-widget-heading\" data-id=\"91bf0d2\" data-element_type=\"widget\" data-widget_type=\"heading.default\">\n\t\t\t\t<div class=\"elementor-widget-container\">\n\t\t\t<style>\/*! elementor - v3.19.0 - 28-02-2024 *\/\n.elementor-heading-title{padding:0;margin:0;line-height:1}.elementor-widget-heading .elementor-heading-title[class*=elementor-size-]>a{color:inherit;font-size:inherit;line-height:inherit}.elementor-widget-heading .elementor-heading-title.elementor-size-small{font-size:15px}.elementor-widget-heading .elementor-heading-title.elementor-size-medium{font-size:19px}.elementor-widget-heading .elementor-heading-title.elementor-size-large{font-size:29px}.elementor-widget-heading .elementor-heading-title.elementor-size-xl{font-size:39px}.elementor-widget-heading .elementor-heading-title.elementor-size-xxl{font-size:59px}<\/style><h1 class=\"elementor-heading-title elementor-size-default\">M\u00c1RTA TERM\u00c9KEK<\/h1>\t\t<\/div>\n\t\t\t\t<\/div>\n\t\t\t\t\t<\/div>\n\t\t<\/div>\n\t\t\t\t\t<\/div>\n\t\t<\/section>\n\t\t\t\t<section class=\"elementor-section elementor-top-section elementor-element elementor-element-025804d elementor-section-boxed elementor-section-height-default elementor-section-height-default\" data-id=\"025804d\" data-element_type=\"section\">\n\t\t\t\t\t\t<div class=\"elementor-container elementor-column-gap-default\">\n\t\t\t\t\t<div class=\"elementor-column elementor-col-100 elementor-top-column elementor-element elementor-element-1f3e4cc\" data-id=\"1f3e4cc\" data-element_type=\"column\">\n\t\t\t<div class=\"elementor-widget-wrap elementor-element-populated\">\n\t\t\t\t\t\t<div class=\"elementor-element elementor-element-1f8e207 elementor-widget elementor-widget-spacer\" data-id=\"1f8e207\" data-element_type=\"widget\" data-widget_type=\"spacer.default\">\n\t\t\t\t<div class=\"elementor-widget-container\">\n\t\t\t<style>\/*! elementor - v3.19.0 - 28-02-2024 *\/\n.elementor-column .elementor-spacer-inner{height:var(--spacer-size)}.e-con{--container-widget-width:100%}.e-con-inner>.elementor-widget-spacer,.e-con>.elementor-widget-spacer{width:var(--container-widget-width,var(--spacer-size));--align-self:var(--container-widget-align-self,initial);--flex-shrink:0}.e-con-inner>.elementor-widget-spacer>.elementor-widget-container,.e-con>.elementor-widget-spacer>.elementor-widget-container{height:100%;width:100%}.e-con-inner>.elementor-widget-spacer>.elementor-widget-container>.elementor-spacer,.e-con>.elementor-widget-spacer>.elementor-widget-container>.elementor-spacer{height:100%}.e-con-inner>.elementor-widget-spacer>.elementor-widget-container>.elementor-spacer>.elementor-spacer-inner,.e-con>.elementor-widget-spacer>.elementor-widget-container>.elementor-spacer>.elementor-spacer-inner{height:var(--container-widget-height,var(--spacer-size))}.e-con-inner>.elementor-widget-spacer.elementor-widget-empty,.e-con>.elementor-widget-spacer.elementor-widget-empty{position:relative;min-height:22px;min-width:22px}.e-con-inner>.elementor-widget-spacer.elementor-widget-empty .elementor-widget-empty-icon,.e-con>.elementor-widget-spacer.elementor-widget-empty .elementor-widget-empty-icon{position:absolute;top:0;bottom:0;left:0;right:0;margin:auto;padding:0;width:22px;height:22px}<\/style>\t\t<div class=\"elementor-spacer\">\n\t\t\t<div class=\"elementor-spacer-inner\"><\/div>\n\t\t<\/div>\n\t\t\t\t<\/div>\n\t\t\t\t<\/div>\n\t\t\t\t\t<\/div>\n\t\t<\/div>\n\t\t\t\t\t<\/div>\n\t\t<\/section>\n\t\t\t\t<section class=\"elementor-section elementor-top-section elementor-element elementor-element-0661eb6 elementor-section-boxed elementor-section-height-default elementor-section-height-default\" data-id=\"0661eb6\" data-element_type=\"section\">\n\t\t\t\t\t\t<div class=\"elementor-container elementor-column-gap-default\">\n\t\t\t\t\t<div class=\"elementor-column elementor-col-100 elementor-top-column elementor-element elementor-element-7d1b5a8\" data-id=\"7d1b5a8\" data-element_type=\"column\">\n\t\t\t<div class=\"elementor-widget-wrap elementor-element-populated\">\n\t\t\t\t\t\t<div class=\"elementor-element elementor-element-15f1782 elementor-drop-cap-yes elementor-drop-cap-view-default elementor-widget elementor-widget-text-editor\" data-id=\"15f1782\" data-element_type=\"widget\" data-settings=\"{&quot;drop_cap&quot;:&quot;yes&quot;}\" data-widget_type=\"text-editor.default\">\n\t\t\t\t<div class=\"elementor-widget-container\">\n\t\t\t<style>\/*! elementor - v3.19.0 - 28-02-2024 *\/\n.elementor-widget-text-editor.elementor-drop-cap-view-stacked .elementor-drop-cap{background-color:#69727d;color:#fff}.elementor-widget-text-editor.elementor-drop-cap-view-framed .elementor-drop-cap{color:#69727d;border:3px solid;background-color:transparent}.elementor-widget-text-editor:not(.elementor-drop-cap-view-default) .elementor-drop-cap{margin-top:8px}.elementor-widget-text-editor:not(.elementor-drop-cap-view-default) .elementor-drop-cap-letter{width:1em;height:1em}.elementor-widget-text-editor .elementor-drop-cap{float:left;text-align:center;line-height:1;font-size:50px}.elementor-widget-text-editor .elementor-drop-cap-letter{display:inline-block}<\/style>\t\t\t\t<p><span style=\"font-weight: 400;\">Making these products I use only natural materials. These premium quality fine yarns are hand-dyed in various parts of the world such as India, Japan and different South American and European countries. Each handwoven product on this site is a 100% natural piece of art. These wool, silk or cotton scarves are one of a kind , unique items made with passion and love.<\/span><\/p>\n<p><span style=\"font-weight: 400;\">Care instructions:\n\nThe material requires gentle care. Handwash only, wash the material in cold or mild water. Softener might be used. Iron it with steam. Steam makes your textile softer. Never twist a handwoven textile. Lay it flat on a towel to dry. No washing machine or dryer.<\/span><\/p>\t\t\t\t\t\t<\/div>\n\t\t\t\t<\/div>\n\t\t\t\t<div class=\"elementor-element elementor-element-4d3c9c9 elementor-align-left elementor-widget elementor-widget-button\" data-id=\"4d3c9c9\" data-element_type=\"widget\" data-widget_type=\"button.default\">\n\t\t\t\t<div class=\"elementor-widget-container\">\n\t\t\t\t\t<div class=\"elementor-button-wrapper\">\n\t\t\t<a class=\"elementor-button elementor-button-link elementor-size-sm\" href=\"https:\/\/flymetotheloom.com\/eng\/termekek\/\" target=\"_blank\">\n\t\t\t\t\t\t<span class=\"elementor-button-content-wrapper\">\n\t\t\t\t\t\t<span class=\"elementor-button-text\">Go to shopping<\/span>\n\t\t<\/span>\n\t\t\t\t\t<\/a>\n\t\t<\/div>\n\t\t\t\t<\/div>\n\t\t\t\t<\/div>\n\t\t\t\t\t<\/div>\n\t\t<\/div>\n\t\t\t\t\t<\/div>\n\t\t<\/section>\n\t\t\t\t<section class=\"elementor-section elementor-top-section elementor-element elementor-element-006eaa7 elementor-section-boxed elementor-section-height-default elementor-section-height-default\" data-id=\"006eaa7\" data-element_type=\"section\">\n\t\t\t\t\t\t<div class=\"elementor-container elementor-column-gap-default\">\n\t\t\t\t\t<div class=\"elementor-column elementor-col-100 elementor-top-column elementor-element elementor-element-a05130f\" data-id=\"a05130f\" data-element_type=\"column\">\n\t\t\t<div class=\"elementor-widget-wrap elementor-element-populated\">\n\t\t\t\t\t\t<div class=\"elementor-element elementor-element-e1e5ac0 elementor-widget elementor-widget-spacer\" data-id=\"e1e5ac0\" data-element_type=\"widget\" data-widget_type=\"spacer.default\">\n\t\t\t\t<div class=\"elementor-widget-container\">\n\t\t\t\t\t<div class=\"elementor-spacer\">\n\t\t\t<div class=\"elementor-spacer-inner\"><\/div>\n\t\t<\/div>\n\t\t\t\t<\/div>\n\t\t\t\t<\/div>\n\t\t\t\t\t<\/div>\n\t\t<\/div>\n\t\t\t\t\t<\/div>\n\t\t<\/section>\n\t\t\t\t<section class=\"elementor-section elementor-top-section elementor-element elementor-element-3ffc659 elementor-section-boxed elementor-section-height-default elementor-section-height-default\" data-id=\"3ffc659\" data-element_type=\"section\">\n\t\t\t\t\t\t<div class=\"elementor-container elementor-column-gap-default\">\n\t\t\t\t\t<div class=\"elementor-column elementor-col-33 elementor-top-column elementor-element elementor-element-270853a\" data-id=\"270853a\" data-element_type=\"column\">\n\t\t\t<div class=\"elementor-widget-wrap elementor-element-populated\">\n\t\t\t\t\t\t<div class=\"elementor-element elementor-element-0cee705 dce_masking-none elementor-widget elementor-widget-image\" data-id=\"0cee705\" data-element_type=\"widget\" data-settings=\"{&quot;motion_fx_motion_fx_scrolling&quot;:&quot;yes&quot;,&quot;motion_fx_translateY_effect&quot;:&quot;yes&quot;,&quot;motion_fx_translateY_direction&quot;:&quot;negative&quot;,&quot;motion_fx_translateY_speed&quot;:{&quot;unit&quot;:&quot;px&quot;,&quot;size&quot;:2,&quot;sizes&quot;:[]},&quot;motion_fx_translateY_affectedRange&quot;:{&quot;unit&quot;:&quot;%&quot;,&quot;size&quot;:&quot;&quot;,&quot;sizes&quot;:{&quot;start&quot;:0,&quot;end&quot;:49}},&quot;_animation&quot;:&quot;none&quot;,&quot;motion_fx_devices&quot;:[&quot;desktop&quot;,&quot;tablet&quot;,&quot;mobile&quot;]}\" data-widget_type=\"image.default\">\n\t\t\t\t<div class=\"elementor-widget-container\">\n\t\t\t<style>\/*! elementor - v3.19.0 - 28-02-2024 *\/\n.elementor-widget-image{text-align:center}.elementor-widget-image a{display:inline-block}.elementor-widget-image a img[src$=\".svg\"]{width:48px}.elementor-widget-image img{vertical-align:middle;display:inline-block}<\/style>\t\t\t\t\t\t\t\t\t\t<img fetchpriority=\"high\" decoding=\"async\" width=\"980\" height=\"754\" src=\"https:\/\/flymetotheloom.com\/wp-content\/uploads\/2023\/01\/a-salakrol-1.-foto-1024x788.jpg\" class=\"attachment-large size-large wp-image-783\" alt=\"\" srcset=\"https:\/\/flymetotheloom.com\/wp-content\/uploads\/2023\/01\/a-salakrol-1.-foto-1024x788.jpg 1024w, https:\/\/flymetotheloom.com\/wp-content\/uploads\/2023\/01\/a-salakrol-1.-foto-300x231.jpg 300w, https:\/\/flymetotheloom.com\/wp-content\/uploads\/2023\/01\/a-salakrol-1.-foto-768x591.jpg 768w, https:\/\/flymetotheloom.com\/wp-content\/uploads\/2023\/01\/a-salakrol-1.-foto-416x320.jpg 416w, https:\/\/flymetotheloom.com\/wp-content\/uploads\/2023\/01\/a-salakrol-1.-foto.jpg 1125w\" sizes=\"(max-width: 980px) 100vw, 980px\" \/>\t\t\t\t\t\t\t\t\t\t\t\t\t<\/div>\n\t\t\t\t<\/div>\n\t\t\t\t\t<\/div>\n\t\t<\/div>\n\t\t\t\t<div class=\"elementor-column elementor-col-33 elementor-top-column elementor-element elementor-element-48527ef\" data-id=\"48527ef\" data-element_type=\"column\">\n\t\t\t<div class=\"elementor-widget-wrap elementor-element-populated\">\n\t\t\t\t\t\t<div class=\"elementor-element elementor-element-d4524f2 dce_masking-none elementor-widget elementor-widget-image\" data-id=\"d4524f2\" data-element_type=\"widget\" data-widget_type=\"image.default\">\n\t\t\t\t<div class=\"elementor-widget-container\">\n\t\t\t\t\t\t\t\t\t\t\t\t\t<img decoding=\"async\" width=\"980\" height=\"722\" src=\"https:\/\/flymetotheloom.com\/wp-content\/uploads\/2023\/01\/rolam-1-2-1024x754.jpg\" class=\"attachment-large size-large wp-image-785\" alt=\"\" srcset=\"https:\/\/flymetotheloom.com\/wp-content\/uploads\/2023\/01\/rolam-1-2-1024x754.jpg 1024w, https:\/\/flymetotheloom.com\/wp-content\/uploads\/2023\/01\/rolam-1-2-300x221.jpg 300w, https:\/\/flymetotheloom.com\/wp-content\/uploads\/2023\/01\/rolam-1-2-768x565.jpg 768w, https:\/\/flymetotheloom.com\/wp-content\/uploads\/2023\/01\/rolam-1-2-416x306.jpg 416w, https:\/\/flymetotheloom.com\/wp-content\/uploads\/2023\/01\/rolam-1-2.jpg 1080w\" sizes=\"(max-width: 980px) 100vw, 980px\" \/>\t\t\t\t\t\t\t\t\t\t\t\t\t<\/div>\n\t\t\t\t<\/div>\n\t\t\t\t\t<\/div>\n\t\t<\/div>\n\t\t\t\t<div class=\"elementor-column elementor-col-33 elementor-top-column elementor-element elementor-element-e8f1451\" data-id=\"e8f1451\" data-element_type=\"column\">\n\t\t\t<div class=\"elementor-widget-wrap elementor-element-populated\">\n\t\t\t\t\t\t<div class=\"elementor-element elementor-element-e481ba4 dce_masking-none elementor-widget elementor-widget-image\" data-id=\"e481ba4\" data-element_type=\"widget\" data-settings=\"{&quot;motion_fx_motion_fx_scrolling&quot;:&quot;yes&quot;,&quot;motion_fx_translateY_speed&quot;:{&quot;unit&quot;:&quot;px&quot;,&quot;size&quot;:2,&quot;sizes&quot;:[]},&quot;motion_fx_translateY_affectedRange&quot;:{&quot;unit&quot;:&quot;%&quot;,&quot;size&quot;:&quot;&quot;,&quot;sizes&quot;:{&quot;start&quot;:0,&quot;end&quot;:49}},&quot;motion_fx_translateY_effect&quot;:&quot;yes&quot;,&quot;motion_fx_devices&quot;:[&quot;desktop&quot;,&quot;tablet&quot;,&quot;mobile&quot;]}\" data-widget_type=\"image.default\">\n\t\t\t\t<div class=\"elementor-widget-container\">\n\t\t\t\t\t\t\t\t\t\t\t\t\t<img decoding=\"async\" width=\"980\" height=\"655\" src=\"https:\/\/flymetotheloom.com\/wp-content\/uploads\/2022\/12\/DSC_9967-1024x684.jpg\" class=\"attachment-large size-large wp-image-503\" alt=\"\" srcset=\"https:\/\/flymetotheloom.com\/wp-content\/uploads\/2022\/12\/DSC_9967-1024x684.jpg 1024w, https:\/\/flymetotheloom.com\/wp-content\/uploads\/2022\/12\/DSC_9967-300x200.jpg 300w, https:\/\/flymetotheloom.com\/wp-content\/uploads\/2022\/12\/DSC_9967-768x513.jpg 768w, https:\/\/flymetotheloom.com\/wp-content\/uploads\/2022\/12\/DSC_9967-1536x1026.jpg 1536w, https:\/\/flymetotheloom.com\/wp-content\/uploads\/2022\/12\/DSC_9967-2048x1367.jpg 2048w, https:\/\/flymetotheloom.com\/wp-content\/uploads\/2022\/12\/DSC_9967-1320x881.jpg 1320w, https:\/\/flymetotheloom.com\/wp-content\/uploads\/2022\/12\/DSC_9967-416x278.jpg 416w\" sizes=\"(max-width: 980px) 100vw, 980px\" \/>\t\t\t\t\t\t\t\t\t\t\t\t\t<\/div>\n\t\t\t\t<\/div>\n\t\t\t\t\t<\/div>\n\t\t<\/div>\n\t\t\t\t\t<\/div>\n\t\t<\/section>\n\t\t\t\t<\/div>","protected":false},"excerpt":{"rendered":"<p>M\u00c1RTA TERM\u00c9KEK Az itt tal\u00e1lhat\u00f3 k\u00e9zi sz\u00f6v\u00e9s\u0171 term\u00e9kek kiz\u00e1r\u00f3lag term\u00e9szetes alapanyagokb\u00f3l k\u00e9sz\u00fcltek. Munk\u00e1imhoz pr\u00e9mium, a vil\u00e1g minden t\u00e1j\u00e1r\u00f3l sz\u00e1rmaz\u00f3 k\u00e9zzel festett fonalakat haszn\u00e1lok. A gyapj\u00fab\u00f3l, selyemb\u0151l \u00e9s olykor pamutb\u00f3l sz\u0151tt term\u00e9kek minden darabja egyedi, egyszeri alkot\u00e1s. 100%-ban saj\u00e1t kez\u0171 m\u0171vek, melyek szenved\u00e9llyel \u00e9s \u0151szinte szeretettel k\u00e9sz\u00fcltek. Az anyag k\u00e9zi mos\u00e1st ig\u00e9nyel. Mos\u00e1s ut\u00e1n sok g\u0151zzel [&hellip;]<\/p>","protected":false},"author":1,"featured_media":505,"parent":0,"menu_order":0,"comment_status":"closed","ping_status":"closed","template":"elementor_header_footer","meta":{"footnotes":""},"class_list":["post-183","page","type-page","status-publish","has-post-thumbnail","hentry"],"yoast_head":"<!-- This site is optimized with the Yoast SEO Premium plugin v22.1 (Yoast SEO v22.1) - https:\/\/yoast.com\/wordpress\/plugins\/seo\/ -->\n<title>A term\u00e9kekr\u0151l - Flymetotheloom.com<\/title>\n<meta name=\"description\" content=\"Term\u00e9szetes pr\u00e9mium alapanyagokb\u00f3l k\u00e9sz\u00fclt k\u00e9zi sz\u00f6v\u00e9s\u0171 s\u00e1lak. Minden darab egyedi, egyszeri alkot\u00e1s. T\u00f6k\u00e9letes kieg\u00e9sz\u00edt\u0151 \u00e9s aj\u00e1nd\u00e9k.\" \/>\n<meta name=\"robots\" content=\"index, follow, max-snippet:-1, max-image-preview:large, max-video-preview:-1\" \/>\n<link rel=\"canonical\" href=\"https:\/\/flymetotheloom.com\/eng\/about-my-products\/\" \/>\n<meta property=\"og:locale\" content=\"en_GB\" \/>\n<meta property=\"og:type\" content=\"article\" \/>\n<meta property=\"og:title\" content=\"A term\u00e9kekr\u0151l\" \/>\n<meta property=\"og:description\" content=\"Term\u00e9szetes pr\u00e9mium alapanyagokb\u00f3l k\u00e9sz\u00fclt k\u00e9zi sz\u00f6v\u00e9s\u0171 s\u00e1lak. Minden darab egyedi, egyszeri alkot\u00e1s. T\u00f6k\u00e9letes kieg\u00e9sz\u00edt\u0151 \u00e9s aj\u00e1nd\u00e9k.\" \/>\n<meta property=\"og:url\" content=\"https:\/\/flymetotheloom.com\/eng\/about-my-products\/\" \/>\n<meta property=\"og:site_name\" content=\"Flymetotheloom.com\" \/>\n<meta property=\"article:modified_time\" content=\"2025-06-17T06:30:15+00:00\" \/>\n<meta property=\"og:image\" content=\"https:\/\/flymetotheloom.com\/wp-content\/uploads\/2022\/12\/DSC_9971-2-scaled.jpg\" \/>\n\t<meta property=\"og:image:width\" content=\"2560\" \/>\n\t<meta property=\"og:image:height\" content=\"2409\" \/>\n\t<meta property=\"og:image:type\" content=\"image\/jpeg\" \/>\n<meta name=\"twitter:card\" content=\"summary_large_image\" \/>\n<meta name=\"twitter:label1\" content=\"Estimated reading time\" \/>\n\t<meta name=\"twitter:data1\" content=\"1 minute\" \/>\n<script type=\"application\/ld+json\" class=\"yoast-schema-graph\">{\"@context\":\"https:\/\/schema.org\",\"@graph\":[{\"@type\":\"WebPage\",\"@id\":\"https:\/\/flymetotheloom.com\/a-termekekrol\/\",\"url\":\"https:\/\/flymetotheloom.com\/a-termekekrol\/\",\"name\":\"A term\u00e9kekr\u0151l - Flymetotheloom.com\",\"isPartOf\":{\"@id\":\"https:\/\/flymetotheloom.com\/#website\"},\"datePublished\":\"2022-12-05T15:43:44+00:00\",\"dateModified\":\"2025-06-17T06:30:15+00:00\",\"description\":\"Term\u00e9szetes pr\u00e9mium alapanyagokb\u00f3l k\u00e9sz\u00fclt k\u00e9zi sz\u00f6v\u00e9s\u0171 s\u00e1lak. Minden darab egyedi, egyszeri alkot\u00e1s. T\u00f6k\u00e9letes kieg\u00e9sz\u00edt\u0151 \u00e9s aj\u00e1nd\u00e9k.\",\"breadcrumb\":{\"@id\":\"https:\/\/flymetotheloom.com\/a-termekekrol\/#breadcrumb\"},\"inLanguage\":\"en-GB\",\"potentialAction\":[{\"@type\":\"ReadAction\",\"target\":[\"https:\/\/flymetotheloom.com\/a-termekekrol\/\"]}]},{\"@type\":\"BreadcrumbList\",\"@id\":\"https:\/\/flymetotheloom.com\/a-termekekrol\/#breadcrumb\",\"itemListElement\":[{\"@type\":\"ListItem\",\"position\":1,\"name\":\"Home\",\"item\":\"https:\/\/flymetotheloom.com\/\"},{\"@type\":\"ListItem\",\"position\":2,\"name\":\"A term\u00e9kekr\u0151l\"}]},{\"@type\":\"WebSite\",\"@id\":\"https:\/\/flymetotheloom.com\/#website\",\"url\":\"https:\/\/flymetotheloom.com\/\",\"name\":\"Flymetotheloom.com\",\"description\":\"M\u00c1RTA s\u00e1lak\",\"publisher\":{\"@id\":\"https:\/\/flymetotheloom.com\/#\/schema\/person\/0f955315372e1f00f3f631a9a39a19e8\"},\"potentialAction\":[{\"@type\":\"SearchAction\",\"target\":{\"@type\":\"EntryPoint\",\"urlTemplate\":\"https:\/\/flymetotheloom.com\/?s={search_term_string}\"},\"query-input\":\"required name=search_term_string\"}],\"inLanguage\":\"en-GB\"},{\"@type\":[\"Person\",\"Organization\"],\"@id\":\"https:\/\/flymetotheloom.com\/#\/schema\/person\/0f955315372e1f00f3f631a9a39a19e8\",\"name\":\"admin\",\"image\":{\"@type\":\"ImageObject\",\"inLanguage\":\"en-GB\",\"@id\":\"https:\/\/flymetotheloom.com\/#\/schema\/person\/image\/\",\"url\":\"https:\/\/flymetotheloom.com\/wp-content\/uploads\/2022\/10\/Marta-logo_vegleges_hatter-nelkul-17.png\",\"contentUrl\":\"https:\/\/flymetotheloom.com\/wp-content\/uploads\/2022\/10\/Marta-logo_vegleges_hatter-nelkul-17.png\",\"width\":828,\"height\":822,\"caption\":\"admin\"},\"logo\":{\"@id\":\"https:\/\/flymetotheloom.com\/#\/schema\/person\/image\/\"},\"sameAs\":[\"https:\/\/flymetotheloom.com\"]}]}<\/script>\n<!-- \/ Yoast SEO Premium plugin. -->","yoast_head_json":{"title":"A term\u00e9kekr\u0151l - Flymetotheloom.com","description":"Term\u00e9szetes pr\u00e9mium alapanyagokb\u00f3l k\u00e9sz\u00fclt k\u00e9zi sz\u00f6v\u00e9s\u0171 s\u00e1lak. Minden darab egyedi, egyszeri alkot\u00e1s. T\u00f6k\u00e9letes kieg\u00e9sz\u00edt\u0151 \u00e9s aj\u00e1nd\u00e9k.","robots":{"index":"index","follow":"follow","max-snippet":"max-snippet:-1","max-image-preview":"max-image-preview:large","max-video-preview":"max-video-preview:-1"},"canonical":"https:\/\/flymetotheloom.com\/eng\/about-my-products\/","og_locale":"en_GB","og_type":"article","og_title":"A term\u00e9kekr\u0151l","og_description":"Term\u00e9szetes pr\u00e9mium alapanyagokb\u00f3l k\u00e9sz\u00fclt k\u00e9zi sz\u00f6v\u00e9s\u0171 s\u00e1lak. Minden darab egyedi, egyszeri alkot\u00e1s. T\u00f6k\u00e9letes kieg\u00e9sz\u00edt\u0151 \u00e9s aj\u00e1nd\u00e9k.","og_url":"https:\/\/flymetotheloom.com\/eng\/about-my-products\/","og_site_name":"Flymetotheloom.com","article_modified_time":"2025-06-17T06:30:15+00:00","og_image":[{"width":2560,"height":2409,"url":"https:\/\/flymetotheloom.com\/wp-content\/uploads\/2022\/12\/DSC_9971-2-scaled.jpg","type":"image\/jpeg"}],"twitter_card":"summary_large_image","twitter_misc":{"Estimated reading time":"1 minute"},"schema":{"@context":"https:\/\/schema.org","@graph":[{"@type":"WebPage","@id":"https:\/\/flymetotheloom.com\/a-termekekrol\/","url":"https:\/\/flymetotheloom.com\/a-termekekrol\/","name":"A term\u00e9kekr\u0151l - Flymetotheloom.com","isPartOf":{"@id":"https:\/\/flymetotheloom.com\/#website"},"datePublished":"2022-12-05T15:43:44+00:00","dateModified":"2025-06-17T06:30:15+00:00","description":"Term\u00e9szetes pr\u00e9mium alapanyagokb\u00f3l k\u00e9sz\u00fclt k\u00e9zi sz\u00f6v\u00e9s\u0171 s\u00e1lak. Minden darab egyedi, egyszeri alkot\u00e1s. T\u00f6k\u00e9letes kieg\u00e9sz\u00edt\u0151 \u00e9s aj\u00e1nd\u00e9k.","breadcrumb":{"@id":"https:\/\/flymetotheloom.com\/a-termekekrol\/#breadcrumb"},"inLanguage":"en-GB","potentialAction":[{"@type":"ReadAction","target":["https:\/\/flymetotheloom.com\/a-termekekrol\/"]}]},{"@type":"BreadcrumbList","@id":"https:\/\/flymetotheloom.com\/a-termekekrol\/#breadcrumb","itemListElement":[{"@type":"ListItem","position":1,"name":"Home","item":"https:\/\/flymetotheloom.com\/"},{"@type":"ListItem","position":2,"name":"A term\u00e9kekr\u0151l"}]},{"@type":"WebSite","@id":"https:\/\/flymetotheloom.com\/#website","url":"https:\/\/flymetotheloom.com\/","name":"Flymetotheloom.com","description":"M\u00c1RTA s\u00e1lak","publisher":{"@id":"https:\/\/flymetotheloom.com\/#\/schema\/person\/0f955315372e1f00f3f631a9a39a19e8"},"potentialAction":[{"@type":"SearchAction","target":{"@type":"EntryPoint","urlTemplate":"https:\/\/flymetotheloom.com\/?s={search_term_string}"},"query-input":"required name=search_term_string"}],"inLanguage":"en-GB"},{"@type":["Person","Organization"],"@id":"https:\/\/flymetotheloom.com\/#\/schema\/person\/0f955315372e1f00f3f631a9a39a19e8","name":"admin","image":{"@type":"ImageObject","inLanguage":"en-GB","@id":"https:\/\/flymetotheloom.com\/#\/schema\/person\/image\/","url":"https:\/\/flymetotheloom.com\/wp-content\/uploads\/2022\/10\/Marta-logo_vegleges_hatter-nelkul-17.png","contentUrl":"https:\/\/flymetotheloom.com\/wp-content\/uploads\/2022\/10\/Marta-logo_vegleges_hatter-nelkul-17.png","width":828,"height":822,"caption":"admin"},"logo":{"@id":"https:\/\/flymetotheloom.com\/#\/schema\/person\/image\/"},"sameAs":["https:\/\/flymetotheloom.com"]}]}},"_links":{"self":[{"href":"https:\/\/flymetotheloom.com\/eng\/wp-json\/wp\/v2\/pages\/183","targetHints":{"allow":["GET"]}}],"collection":[{"href":"https:\/\/flymetotheloom.com\/eng\/wp-json\/wp\/v2\/pages"}],"about":[{"href":"https:\/\/flymetotheloom.com\/eng\/wp-json\/wp\/v2\/types\/page"}],"author":[{"embeddable":true,"href":"https:\/\/flymetotheloom.com\/eng\/wp-json\/wp\/v2\/users\/1"}],"replies":[{"embeddable":true,"href":"https:\/\/flymetotheloom.com\/eng\/wp-json\/wp\/v2\/comments?post=183"}],"version-history":[{"count":54,"href":"https:\/\/flymetotheloom.com\/eng\/wp-json\/wp\/v2\/pages\/183\/revisions"}],"predecessor-version":[{"id":2686,"href":"https:\/\/flymetotheloom.com\/eng\/wp-json\/wp\/v2\/pages\/183\/revisions\/2686"}],"wp:featuredmedia":[{"embeddable":true,"href":"https:\/\/flymetotheloom.com\/eng\/wp-json\/wp\/v2\/media\/505"}],"wp:attachment":[{"href":"https:\/\/flymetotheloom.com\/eng\/wp-json\/wp\/v2\/media?parent=183"}],"curies":[{"name":"wp","href":"https:\/\/api.w.org\/{rel}","templated":true}]}}