{"id":2519,"date":"2025-06-16T07:22:18","date_gmt":"2025-06-16T05:22:18","guid":{"rendered":"https:\/\/flymetotheloom.com\/arajanlatot-ker-2\/"},"modified":"2025-06-16T07:22:18","modified_gmt":"2025-06-16T05:22:18","slug":"arajanlatot-ker-2","status":"publish","type":"page","link":"https:\/\/flymetotheloom.com\/eng\/request-quote-3\/","title":{"rendered":"Request quote"},"content":{"rendered":"<div class=\"woocommerce adf-request-quote-page template_two\">\n\t<div class=\"woocommerce-notices-wrapper\"><\/div>\n\t<style type=\"text\/css\">\n\t\t.adf-request-quote-page.template_one{\n\t\t\twidth: 100%!important;\n\t\t\tmax-width: 1000px!important;\n\t\t}\n\t\t.adf-request-quote-page.template_two{\n\t\t\twidth: 100%!important;\n\t\t\tmax-width:1160px!important\n\t\t}\n\t<\/style>\n\n\t<div class=\"addify\">\n\t\t<p class=\"cart-empty\">Your quote is currently empty.<\/p>\n\t\t\t\t<p class=\"return-to-shop\"><a href=\"https:\/\/flymetotheloom.com\/eng\/shopping\/\" class=\"button wc-backward\">Return To Shop<\/a>\n\t\t<\/p>\n\t<\/div>\n<\/div>","protected":false},"excerpt":{"rendered":"","protected":false},"author":1,"featured_media":0,"parent":0,"menu_order":0,"comment_status":"closed","ping_status":"closed","template":"","meta":{"footnotes":""},"class_list":["post-2519","page","type-page","status-publish","hentry"],"yoast_head":"<!-- This site is optimized with the Yoast SEO Premium plugin v22.1 (Yoast SEO v22.1) - https:\/\/yoast.com\/wordpress\/plugins\/seo\/ -->\n<title>\u00c1raj\u00e1nlat k\u00e9r\u00e9s - Flymetotheloom.com<\/title>\n<meta name=\"robots\" content=\"index, follow, max-snippet:-1, max-image-preview:large, max-video-preview:-1\" \/>\n<link rel=\"canonical\" href=\"https:\/\/flymetotheloom.com\/eng\/request-quote-3\/\" \/>\n<meta property=\"og:locale\" content=\"en_GB\" \/>\n<meta property=\"og:type\" content=\"article\" \/>\n<meta property=\"og:title\" content=\"\u00c1raj\u00e1nlat k\u00e9r\u00e9s\" \/>\n<meta property=\"og:url\" content=\"https:\/\/flymetotheloom.com\/eng\/request-quote-3\/\" \/>\n<meta property=\"og:site_name\" content=\"Flymetotheloom.com\" \/>\n<meta property=\"og:image\" content=\"https:\/\/flymetotheloom.com\/wp-content\/uploads\/2022\/12\/Marta-logo_vegleges_hatter-nelkul-18.png\" \/>\n\t<meta property=\"og:image:width\" content=\"545\" \/>\n\t<meta property=\"og:image:height\" content=\"489\" \/>\n\t<meta property=\"og:image:type\" content=\"image\/png\" \/>\n<meta name=\"twitter:card\" content=\"summary_large_image\" \/>\n<script type=\"application\/ld+json\" class=\"yoast-schema-graph\">{\"@context\":\"https:\/\/schema.org\",\"@graph\":[{\"@type\":\"WebPage\",\"@id\":\"https:\/\/flymetotheloom.com\/arajanlatot-ker-2\/\",\"url\":\"https:\/\/flymetotheloom.com\/arajanlatot-ker-2\/\",\"name\":\"\u00c1raj\u00e1nlat k\u00e9r\u00e9s - Flymetotheloom.com\",\"isPartOf\":{\"@id\":\"https:\/\/flymetotheloom.com\/#website\"},\"datePublished\":\"2025-06-16T05:22:18+00:00\",\"dateModified\":\"2025-06-16T05:22:18+00:00\",\"breadcrumb\":{\"@id\":\"https:\/\/flymetotheloom.com\/arajanlatot-ker-2\/#breadcrumb\"},\"inLanguage\":\"en-GB\",\"potentialAction\":[{\"@type\":\"ReadAction\",\"target\":[\"https:\/\/flymetotheloom.com\/arajanlatot-ker-2\/\"]}]},{\"@type\":\"BreadcrumbList\",\"@id\":\"https:\/\/flymetotheloom.com\/arajanlatot-ker-2\/#breadcrumb\",\"itemListElement\":[{\"@type\":\"ListItem\",\"position\":1,\"name\":\"Home\",\"item\":\"https:\/\/flymetotheloom.com\/\"},{\"@type\":\"ListItem\",\"position\":2,\"name\":\"\u00c1raj\u00e1nlat k\u00e9r\u00e9s\"}]},{\"@type\":\"WebSite\",\"@id\":\"https:\/\/flymetotheloom.com\/#website\",\"url\":\"https:\/\/flymetotheloom.com\/\",\"name\":\"Flymetotheloom.com\",\"description\":\"M\u00c1RTA s\u00e1lak\",\"publisher\":{\"@id\":\"https:\/\/flymetotheloom.com\/#\/schema\/person\/0f955315372e1f00f3f631a9a39a19e8\"},\"potentialAction\":[{\"@type\":\"SearchAction\",\"target\":{\"@type\":\"EntryPoint\",\"urlTemplate\":\"https:\/\/flymetotheloom.com\/?s={search_term_string}\"},\"query-input\":\"required name=search_term_string\"}],\"inLanguage\":\"en-GB\"},{\"@type\":[\"Person\",\"Organization\"],\"@id\":\"https:\/\/flymetotheloom.com\/#\/schema\/person\/0f955315372e1f00f3f631a9a39a19e8\",\"name\":\"admin\",\"image\":{\"@type\":\"ImageObject\",\"inLanguage\":\"en-GB\",\"@id\":\"https:\/\/flymetotheloom.com\/#\/schema\/person\/image\/\",\"url\":\"https:\/\/flymetotheloom.com\/wp-content\/uploads\/2022\/10\/Marta-logo_vegleges_hatter-nelkul-17.png\",\"contentUrl\":\"https:\/\/flymetotheloom.com\/wp-content\/uploads\/2022\/10\/Marta-logo_vegleges_hatter-nelkul-17.png\",\"width\":828,\"height\":822,\"caption\":\"admin\"},\"logo\":{\"@id\":\"https:\/\/flymetotheloom.com\/#\/schema\/person\/image\/\"},\"sameAs\":[\"https:\/\/flymetotheloom.com\"]}]}<\/script>\n<!-- \/ Yoast SEO Premium plugin. -->","yoast_head_json":{"title":"\u00c1raj\u00e1nlat k\u00e9r\u00e9s - Flymetotheloom.com","robots":{"index":"index","follow":"follow","max-snippet":"max-snippet:-1","max-image-preview":"max-image-preview:large","max-video-preview":"max-video-preview:-1"},"canonical":"https:\/\/flymetotheloom.com\/eng\/request-quote-3\/","og_locale":"en_GB","og_type":"article","og_title":"\u00c1raj\u00e1nlat k\u00e9r\u00e9s","og_url":"https:\/\/flymetotheloom.com\/eng\/request-quote-3\/","og_site_name":"Flymetotheloom.com","og_image":[{"width":545,"height":489,"url":"https:\/\/flymetotheloom.com\/wp-content\/uploads\/2022\/12\/Marta-logo_vegleges_hatter-nelkul-18.png","type":"image\/png"}],"twitter_card":"summary_large_image","schema":{"@context":"https:\/\/schema.org","@graph":[{"@type":"WebPage","@id":"https:\/\/flymetotheloom.com\/arajanlatot-ker-2\/","url":"https:\/\/flymetotheloom.com\/arajanlatot-ker-2\/","name":"\u00c1raj\u00e1nlat k\u00e9r\u00e9s - Flymetotheloom.com","isPartOf":{"@id":"https:\/\/flymetotheloom.com\/#website"},"datePublished":"2025-06-16T05:22:18+00:00","dateModified":"2025-06-16T05:22:18+00:00","breadcrumb":{"@id":"https:\/\/flymetotheloom.com\/arajanlatot-ker-2\/#breadcrumb"},"inLanguage":"en-GB","potentialAction":[{"@type":"ReadAction","target":["https:\/\/flymetotheloom.com\/arajanlatot-ker-2\/"]}]},{"@type":"BreadcrumbList","@id":"https:\/\/flymetotheloom.com\/arajanlatot-ker-2\/#breadcrumb","itemListElement":[{"@type":"ListItem","position":1,"name":"Home","item":"https:\/\/flymetotheloom.com\/"},{"@type":"ListItem","position":2,"name":"\u00c1raj\u00e1nlat k\u00e9r\u00e9s"}]},{"@type":"WebSite","@id":"https:\/\/flymetotheloom.com\/#website","url":"https:\/\/flymetotheloom.com\/","name":"Flymetotheloom.com","description":"M\u00c1RTA s\u00e1lak","publisher":{"@id":"https:\/\/flymetotheloom.com\/#\/schema\/person\/0f955315372e1f00f3f631a9a39a19e8"},"potentialAction":[{"@type":"SearchAction","target":{"@type":"EntryPoint","urlTemplate":"https:\/\/flymetotheloom.com\/?s={search_term_string}"},"query-input":"required name=search_term_string"}],"inLanguage":"en-GB"},{"@type":["Person","Organization"],"@id":"https:\/\/flymetotheloom.com\/#\/schema\/person\/0f955315372e1f00f3f631a9a39a19e8","name":"admin","image":{"@type":"ImageObject","inLanguage":"en-GB","@id":"https:\/\/flymetotheloom.com\/#\/schema\/person\/image\/","url":"https:\/\/flymetotheloom.com\/wp-content\/uploads\/2022\/10\/Marta-logo_vegleges_hatter-nelkul-17.png","contentUrl":"https:\/\/flymetotheloom.com\/wp-content\/uploads\/2022\/10\/Marta-logo_vegleges_hatter-nelkul-17.png","width":828,"height":822,"caption":"admin"},"logo":{"@id":"https:\/\/flymetotheloom.com\/#\/schema\/person\/image\/"},"sameAs":["https:\/\/flymetotheloom.com"]}]}},"_links":{"self":[{"href":"https:\/\/flymetotheloom.com\/eng\/wp-json\/wp\/v2\/pages\/2519","targetHints":{"allow":["GET"]}}],"collection":[{"href":"https:\/\/flymetotheloom.com\/eng\/wp-json\/wp\/v2\/pages"}],"about":[{"href":"https:\/\/flymetotheloom.com\/eng\/wp-json\/wp\/v2\/types\/page"}],"author":[{"embeddable":true,"href":"https:\/\/flymetotheloom.com\/eng\/wp-json\/wp\/v2\/users\/1"}],"replies":[{"embeddable":true,"href":"https:\/\/flymetotheloom.com\/eng\/wp-json\/wp\/v2\/comments?post=2519"}],"version-history":[{"count":0,"href":"https:\/\/flymetotheloom.com\/eng\/wp-json\/wp\/v2\/pages\/2519\/revisions"}],"wp:attachment":[{"href":"https:\/\/flymetotheloom.com\/eng\/wp-json\/wp\/v2\/media?parent=2519"}],"curies":[{"name":"wp","href":"https:\/\/api.w.org\/{rel}","templated":true}]}}