{"id":1783,"date":"2025-06-16T05:20:12","date_gmt":"2025-06-16T03:20:12","guid":{"rendered":"https:\/\/flymetotheloom.com\/termek\/selyemsal-kek-zold-csikos\/"},"modified":"2025-06-16T05:55:51","modified_gmt":"2025-06-16T03:55:51","slug":"selyemsal-kek-zold-csikos","status":"publish","type":"product","link":"https:\/\/flymetotheloom.com\/eng\/bolt\/bourette-silk-scarf-blue-green-striped\/","title":{"rendered":"BOURETTE SILK SCARF BLUE-GREEN STRIPED"},"content":{"rendered":"<p>This scarf is made of my favourite material, the Japanese bourette silk. This irregular, organic silk yarn is made of silk waste fiber created during silk processing. It is special because colorful fibres are blended when it is spun. Although, this material seems rough for the first look and touch, after neccessary treatment it turns into an unbelievably soft and gentle piece of textile. Bourette silk is my favourite as it gives a real natural, rustic effect and at the same time it is truly stylish and elegant.<\/p>","protected":false},"excerpt":{"rendered":"<p>Blue - green striped, hand-woven silk scarf, of which only 1 piece was made in the whole world. Unique, Hungarian woven, elegant slow fashion scarf.<\/p>","protected":false},"featured_media":1679,"comment_status":"closed","ping_status":"closed","template":"","meta":[],"product_cat":[104,34],"product_tag":[46,44,48,55,47,45,49,56],"class_list":{"0":"post-1783","1":"product","2":"type-product","3":"status-publish","4":"has-post-thumbnail","6":"product_cat-salak","7":"product_cat-selyemsal","8":"product_tag-bourette-selyem","9":"product_tag-egyedi-ajandek","10":"product_tag-egyedi-sal","11":"product_tag-kek","12":"product_tag-puha-sal","13":"product_tag-selyemsal","14":"product_tag-slow-fashion","15":"product_tag-zold","17":"first","18":"instock","19":"sold-individually","20":"shipping-taxable","21":"purchasable","22":"product-type-simple"},"yoast_head":"<!-- This site is optimized with the Yoast SEO Premium plugin v22.1 (Yoast SEO v22.1) - https:\/\/yoast.com\/wordpress\/plugins\/seo\/ -->\n<title>Selyems\u00e1l k\u00e9k-z\u00f6ld cs\u00edkos - Flymetotheloom.com<\/title>\n<meta name=\"description\" content=\"K\u00e9k-z\u00f6ld cs\u00edkos k\u00e9zzel sz\u0151tt selyems\u00e1l, amib\u0151l csak 1 darab k\u00e9sz\u00fclt az eg\u00e9sz vil\u00e1gon. Egyedi, magyar sz\u00f6v\u00e9s\u0171, eleg\u00e1ns slow fashion s\u00e1l.\" \/>\n<meta name=\"robots\" content=\"noindex, follow\" \/>\n<meta property=\"og:locale\" content=\"en_GB\" \/>\n<meta property=\"og:type\" content=\"article\" \/>\n<meta property=\"og:title\" content=\"Selyems\u00e1l k\u00e9k-z\u00f6ld cs\u00edkos\" \/>\n<meta property=\"og:description\" content=\"K\u00e9k-z\u00f6ld cs\u00edkos k\u00e9zzel sz\u0151tt selyems\u00e1l, amib\u0151l csak 1 darab k\u00e9sz\u00fclt az r\u00e9sz vil\u00e1gon. Egyedi, magyar sz\u00f6v\u00e9s\u0171, eleg\u00e1ns slow fashion s\u00e1l.\" \/>\n<meta property=\"og:url\" content=\"https:\/\/flymetotheloom.com\/eng\/bolt\/bourette-silk-scarf-blue-green-striped\/\" \/>\n<meta property=\"og:site_name\" content=\"Flymetotheloom.com\" \/>\n<meta property=\"article:modified_time\" content=\"2025-06-16T03:55:51+00:00\" \/>\n<meta property=\"og:image\" content=\"https:\/\/flymetotheloom.com\/wp-content\/uploads\/2024\/02\/22010-bourette-selyemsal-kek-zold-csikos-03_min.webp\" \/>\n\t<meta property=\"og:image:width\" content=\"1080\" \/>\n\t<meta property=\"og:image:height\" content=\"1692\" \/>\n\t<meta property=\"og:image:type\" content=\"image\/webp\" \/>\n<meta name=\"twitter:card\" content=\"summary_large_image\" \/>\n<meta name=\"twitter:label1\" content=\"Estimated reading time\" \/>\n\t<meta name=\"twitter:data1\" content=\"1 minute\" \/>\n<script type=\"application\/ld+json\" class=\"yoast-schema-graph\">{\"@context\":\"https:\/\/schema.org\",\"@graph\":[{\"@type\":\"WebPage\",\"@id\":\"https:\/\/flymetotheloom.com\/bolt\/selyemsal-kek-zold-csikos\/\",\"url\":\"https:\/\/flymetotheloom.com\/bolt\/selyemsal-kek-zold-csikos\/\",\"name\":\"Selyems\u00e1l k\u00e9k-z\u00f6ld cs\u00edkos - Flymetotheloom.com\",\"isPartOf\":{\"@id\":\"https:\/\/flymetotheloom.com\/#website\"},\"datePublished\":\"2025-06-16T03:20:12+00:00\",\"dateModified\":\"2025-06-16T03:55:51+00:00\",\"description\":\"K\u00e9k-z\u00f6ld cs\u00edkos k\u00e9zzel sz\u0151tt selyems\u00e1l, amib\u0151l csak 1 darab k\u00e9sz\u00fclt az eg\u00e9sz vil\u00e1gon. Egyedi, magyar sz\u00f6v\u00e9s\u0171, eleg\u00e1ns slow fashion s\u00e1l.\",\"breadcrumb\":{\"@id\":\"https:\/\/flymetotheloom.com\/bolt\/selyemsal-kek-zold-csikos\/#breadcrumb\"},\"inLanguage\":\"en-GB\",\"potentialAction\":[{\"@type\":\"ReadAction\",\"target\":[\"https:\/\/flymetotheloom.com\/bolt\/selyemsal-kek-zold-csikos\/\"]}]},{\"@type\":\"BreadcrumbList\",\"@id\":\"https:\/\/flymetotheloom.com\/bolt\/selyemsal-kek-zold-csikos\/#breadcrumb\",\"itemListElement\":[{\"@type\":\"ListItem\",\"position\":1,\"name\":\"Home\",\"item\":\"https:\/\/flymetotheloom.com\/\"},{\"@type\":\"ListItem\",\"position\":2,\"name\":\"Term\u00e9kek\",\"item\":\"https:\/\/flymetotheloom.com\/termekek\/\"},{\"@type\":\"ListItem\",\"position\":3,\"name\":\"S\u00e1lak\",\"item\":\"https:\/\/flymetotheloom.com\/termekkategoria\/salak\/\"},{\"@type\":\"ListItem\",\"position\":4,\"name\":\"Selyems\u00e1l\",\"item\":\"https:\/\/flymetotheloom.com\/termekkategoria\/salak\/selyemsal\/\"},{\"@type\":\"ListItem\",\"position\":5,\"name\":\"Selyems\u00e1l k\u00e9k-z\u00f6ld cs\u00edkos\"}]},{\"@type\":\"WebSite\",\"@id\":\"https:\/\/flymetotheloom.com\/#website\",\"url\":\"https:\/\/flymetotheloom.com\/\",\"name\":\"Flymetotheloom.com\",\"description\":\"M\u00c1RTA s\u00e1lak\",\"publisher\":{\"@id\":\"https:\/\/flymetotheloom.com\/#\/schema\/person\/0f955315372e1f00f3f631a9a39a19e8\"},\"potentialAction\":[{\"@type\":\"SearchAction\",\"target\":{\"@type\":\"EntryPoint\",\"urlTemplate\":\"https:\/\/flymetotheloom.com\/?s={search_term_string}\"},\"query-input\":\"required name=search_term_string\"}],\"inLanguage\":\"en-GB\"},{\"@type\":[\"Person\",\"Organization\"],\"@id\":\"https:\/\/flymetotheloom.com\/#\/schema\/person\/0f955315372e1f00f3f631a9a39a19e8\",\"name\":\"admin\",\"image\":{\"@type\":\"ImageObject\",\"inLanguage\":\"en-GB\",\"@id\":\"https:\/\/flymetotheloom.com\/#\/schema\/person\/image\/\",\"url\":\"https:\/\/flymetotheloom.com\/wp-content\/uploads\/2022\/10\/Marta-logo_vegleges_hatter-nelkul-17.png\",\"contentUrl\":\"https:\/\/flymetotheloom.com\/wp-content\/uploads\/2022\/10\/Marta-logo_vegleges_hatter-nelkul-17.png\",\"width\":828,\"height\":822,\"caption\":\"admin\"},\"logo\":{\"@id\":\"https:\/\/flymetotheloom.com\/#\/schema\/person\/image\/\"},\"sameAs\":[\"https:\/\/flymetotheloom.com\"]}]}<\/script>\n<!-- \/ Yoast SEO Premium plugin. -->","yoast_head_json":{"title":"Selyems\u00e1l k\u00e9k-z\u00f6ld cs\u00edkos - Flymetotheloom.com","description":"K\u00e9k-z\u00f6ld cs\u00edkos k\u00e9zzel sz\u0151tt selyems\u00e1l, amib\u0151l csak 1 darab k\u00e9sz\u00fclt az eg\u00e9sz vil\u00e1gon. Egyedi, magyar sz\u00f6v\u00e9s\u0171, eleg\u00e1ns slow fashion s\u00e1l.","robots":{"index":"noindex","follow":"follow"},"og_locale":"en_GB","og_type":"article","og_title":"Selyems\u00e1l k\u00e9k-z\u00f6ld cs\u00edkos","og_description":"K\u00e9k-z\u00f6ld cs\u00edkos k\u00e9zzel sz\u0151tt selyems\u00e1l, amib\u0151l csak 1 darab k\u00e9sz\u00fclt az r\u00e9sz vil\u00e1gon. Egyedi, magyar sz\u00f6v\u00e9s\u0171, eleg\u00e1ns slow fashion s\u00e1l.","og_url":"https:\/\/flymetotheloom.com\/eng\/bolt\/bourette-silk-scarf-blue-green-striped\/","og_site_name":"Flymetotheloom.com","article_modified_time":"2025-06-16T03:55:51+00:00","og_image":[{"width":1080,"height":1692,"url":"https:\/\/flymetotheloom.com\/wp-content\/uploads\/2024\/02\/22010-bourette-selyemsal-kek-zold-csikos-03_min.webp","type":"image\/webp"}],"twitter_card":"summary_large_image","twitter_misc":{"Estimated reading time":"1 minute"},"schema":{"@context":"https:\/\/schema.org","@graph":[{"@type":"WebPage","@id":"https:\/\/flymetotheloom.com\/bolt\/selyemsal-kek-zold-csikos\/","url":"https:\/\/flymetotheloom.com\/bolt\/selyemsal-kek-zold-csikos\/","name":"Selyems\u00e1l k\u00e9k-z\u00f6ld cs\u00edkos - Flymetotheloom.com","isPartOf":{"@id":"https:\/\/flymetotheloom.com\/#website"},"datePublished":"2025-06-16T03:20:12+00:00","dateModified":"2025-06-16T03:55:51+00:00","description":"K\u00e9k-z\u00f6ld cs\u00edkos k\u00e9zzel sz\u0151tt selyems\u00e1l, amib\u0151l csak 1 darab k\u00e9sz\u00fclt az eg\u00e9sz vil\u00e1gon. Egyedi, magyar sz\u00f6v\u00e9s\u0171, eleg\u00e1ns slow fashion s\u00e1l.","breadcrumb":{"@id":"https:\/\/flymetotheloom.com\/bolt\/selyemsal-kek-zold-csikos\/#breadcrumb"},"inLanguage":"en-GB","potentialAction":[{"@type":"ReadAction","target":["https:\/\/flymetotheloom.com\/bolt\/selyemsal-kek-zold-csikos\/"]}]},{"@type":"BreadcrumbList","@id":"https:\/\/flymetotheloom.com\/bolt\/selyemsal-kek-zold-csikos\/#breadcrumb","itemListElement":[{"@type":"ListItem","position":1,"name":"Home","item":"https:\/\/flymetotheloom.com\/"},{"@type":"ListItem","position":2,"name":"Term\u00e9kek","item":"https:\/\/flymetotheloom.com\/termekek\/"},{"@type":"ListItem","position":3,"name":"S\u00e1lak","item":"https:\/\/flymetotheloom.com\/termekkategoria\/salak\/"},{"@type":"ListItem","position":4,"name":"Selyems\u00e1l","item":"https:\/\/flymetotheloom.com\/termekkategoria\/salak\/selyemsal\/"},{"@type":"ListItem","position":5,"name":"Selyems\u00e1l k\u00e9k-z\u00f6ld cs\u00edkos"}]},{"@type":"WebSite","@id":"https:\/\/flymetotheloom.com\/#website","url":"https:\/\/flymetotheloom.com\/","name":"Flymetotheloom.com","description":"M\u00c1RTA s\u00e1lak","publisher":{"@id":"https:\/\/flymetotheloom.com\/#\/schema\/person\/0f955315372e1f00f3f631a9a39a19e8"},"potentialAction":[{"@type":"SearchAction","target":{"@type":"EntryPoint","urlTemplate":"https:\/\/flymetotheloom.com\/?s={search_term_string}"},"query-input":"required name=search_term_string"}],"inLanguage":"en-GB"},{"@type":["Person","Organization"],"@id":"https:\/\/flymetotheloom.com\/#\/schema\/person\/0f955315372e1f00f3f631a9a39a19e8","name":"admin","image":{"@type":"ImageObject","inLanguage":"en-GB","@id":"https:\/\/flymetotheloom.com\/#\/schema\/person\/image\/","url":"https:\/\/flymetotheloom.com\/wp-content\/uploads\/2022\/10\/Marta-logo_vegleges_hatter-nelkul-17.png","contentUrl":"https:\/\/flymetotheloom.com\/wp-content\/uploads\/2022\/10\/Marta-logo_vegleges_hatter-nelkul-17.png","width":828,"height":822,"caption":"admin"},"logo":{"@id":"https:\/\/flymetotheloom.com\/#\/schema\/person\/image\/"},"sameAs":["https:\/\/flymetotheloom.com"]}]}},"_links":{"self":[{"href":"https:\/\/flymetotheloom.com\/eng\/wp-json\/wp\/v2\/product\/1783","targetHints":{"allow":["GET"]}}],"collection":[{"href":"https:\/\/flymetotheloom.com\/eng\/wp-json\/wp\/v2\/product"}],"about":[{"href":"https:\/\/flymetotheloom.com\/eng\/wp-json\/wp\/v2\/types\/product"}],"replies":[{"embeddable":true,"href":"https:\/\/flymetotheloom.com\/eng\/wp-json\/wp\/v2\/comments?post=1783"}],"wp:featuredmedia":[{"embeddable":true,"href":"https:\/\/flymetotheloom.com\/eng\/wp-json\/wp\/v2\/media\/1679"}],"wp:attachment":[{"href":"https:\/\/flymetotheloom.com\/eng\/wp-json\/wp\/v2\/media?parent=1783"}],"wp:term":[{"taxonomy":"product_cat","embeddable":true,"href":"https:\/\/flymetotheloom.com\/eng\/wp-json\/wp\/v2\/product_cat?post=1783"},{"taxonomy":"product_tag","embeddable":true,"href":"https:\/\/flymetotheloom.com\/eng\/wp-json\/wp\/v2\/product_tag?post=1783"}],"curies":[{"name":"wp","href":"https:\/\/api.w.org\/{rel}","templated":true}]}}