{"id":2107,"date":"2025-06-16T05:20:11","date_gmt":"2025-06-16T03:20:11","guid":{"rendered":"https:\/\/flymetotheloom.com\/?post_type=product&#038;p=2107"},"modified":"2025-12-18T11:53:29","modified_gmt":"2025-12-18T10:53:29","slug":"hernyoselyem-kendo-voros-barna","status":"publish","type":"product","link":"https:\/\/flymetotheloom.com\/eng\/bolt\/mulberry-silk-scarf-red-brown\/","title":{"rendered":"Mulberry silk scarf \u2013 red-brown"},"content":{"rendered":"<p>Mulberry silk is known as the finest and most durable fabric for thousands of years now . It is smoother and softer than any other silk in the world, especially when it comes to textiles. This is special because it is produced by silkworms fed with mulberry leaves and handled with special care. Discovered in China this fabric spread in Europe only later as the Chinese kept the process of making it as a secret for over 2000 years. Weaving this product I used 100% of this exclusive, premium-quality silk.<\/p>","protected":false},"excerpt":{"rendered":"<p>Mulberry silk is known as the finest and most durable fabric for thousands of years now . It is smoother and softer than any other silk in the world, especially when it comes to textiles.<\/p>","protected":false},"featured_media":2111,"comment_status":"closed","ping_status":"closed","template":"","meta":[],"product_cat":[104,34],"product_tag":[44,48,47,45,49,82],"class_list":{"0":"post-2107","1":"product","2":"type-product","3":"status-publish","4":"has-post-thumbnail","6":"product_cat-salak","7":"product_cat-selyemsal","8":"product_tag-egyedi-ajandek","9":"product_tag-egyedi-sal","10":"product_tag-puha-sal","11":"product_tag-selyemsal","12":"product_tag-slow-fashion","13":"product_tag-tobbszinu","15":"first","16":"outofstock","17":"sold-individually","18":"shipping-taxable","19":"purchasable","20":"product-type-simple"},"yoast_head":"<!-- This site is optimized with the Yoast SEO Premium plugin v22.1 (Yoast SEO v22.1) - https:\/\/yoast.com\/wordpress\/plugins\/seo\/ -->\n<title>Herny\u00f3selyem kend\u0151 \u2013 v\u00f6r\u00f6s-barna - Flymetotheloom.com<\/title>\n<meta name=\"description\" content=\"A herny\u00f3selyem \u00e9vezredek \u00f3ta a legfinomabb \u00e9s legtart\u00f3sabb sz\u00f6vetk\u00e9nt ismert. Sim\u00e1bb \u00e9s puh\u00e1bb, mint b\u00e1rmely m\u00e1s selyem a vil\u00e1gon.\" \/>\n<meta name=\"robots\" content=\"noindex, follow\" \/>\n<meta property=\"og:locale\" content=\"en_GB\" \/>\n<meta property=\"og:type\" content=\"article\" \/>\n<meta property=\"og:title\" content=\"Herny\u00f3selyem kend\u0151 \u2013 v\u00f6r\u00f6s-barna\" \/>\n<meta property=\"og:description\" content=\"A herny\u00f3selyem \u00e9vezredek \u00f3ta a legfinomabb \u00e9s legtart\u00f3sabb sz\u00f6vetk\u00e9nt ismert. Sim\u00e1bb \u00e9s puh\u00e1bb, mint b\u00e1rmely m\u00e1s selyem a vil\u00e1gon.\" \/>\n<meta property=\"og:url\" content=\"https:\/\/flymetotheloom.com\/eng\/bolt\/mulberry-silk-scarf-red-brown\/\" \/>\n<meta property=\"og:site_name\" content=\"Flymetotheloom.com\" \/>\n<meta property=\"article:modified_time\" content=\"2025-12-18T10:53:29+00:00\" \/>\n<meta property=\"og:image\" content=\"https:\/\/flymetotheloom.com\/wp-content\/uploads\/2024\/02\/22036-tobbszinu-merino-gyapju-sal-01_min.webp\" \/>\n\t<meta property=\"og:image:width\" content=\"1080\" \/>\n\t<meta property=\"og:image:height\" content=\"1651\" \/>\n\t<meta property=\"og:image:type\" content=\"image\/webp\" \/>\n<meta name=\"twitter:card\" content=\"summary_large_image\" \/>\n<meta name=\"twitter:label1\" content=\"Estimated reading time\" \/>\n\t<meta name=\"twitter:data1\" content=\"1 minute\" \/>\n<script type=\"application\/ld+json\" class=\"yoast-schema-graph\">{\"@context\":\"https:\/\/schema.org\",\"@graph\":[{\"@type\":\"WebPage\",\"@id\":\"https:\/\/flymetotheloom.com\/bolt\/hernyoselyem-kendo-voros-barna\/\",\"url\":\"https:\/\/flymetotheloom.com\/bolt\/hernyoselyem-kendo-voros-barna\/\",\"name\":\"Herny\u00f3selyem kend\u0151 \u2013 v\u00f6r\u00f6s-barna - Flymetotheloom.com\",\"isPartOf\":{\"@id\":\"https:\/\/flymetotheloom.com\/#website\"},\"datePublished\":\"2025-06-16T03:20:11+00:00\",\"dateModified\":\"2025-12-18T10:53:29+00:00\",\"description\":\"A herny\u00f3selyem \u00e9vezredek \u00f3ta a legfinomabb \u00e9s legtart\u00f3sabb sz\u00f6vetk\u00e9nt ismert. Sim\u00e1bb \u00e9s puh\u00e1bb, mint b\u00e1rmely m\u00e1s selyem a vil\u00e1gon.\",\"breadcrumb\":{\"@id\":\"https:\/\/flymetotheloom.com\/bolt\/hernyoselyem-kendo-voros-barna\/#breadcrumb\"},\"inLanguage\":\"en-GB\",\"potentialAction\":[{\"@type\":\"ReadAction\",\"target\":[\"https:\/\/flymetotheloom.com\/bolt\/hernyoselyem-kendo-voros-barna\/\"]}]},{\"@type\":\"BreadcrumbList\",\"@id\":\"https:\/\/flymetotheloom.com\/bolt\/hernyoselyem-kendo-voros-barna\/#breadcrumb\",\"itemListElement\":[{\"@type\":\"ListItem\",\"position\":1,\"name\":\"Home\",\"item\":\"https:\/\/flymetotheloom.com\/\"},{\"@type\":\"ListItem\",\"position\":2,\"name\":\"Term\u00e9kek\",\"item\":\"https:\/\/flymetotheloom.com\/termekek\/\"},{\"@type\":\"ListItem\",\"position\":3,\"name\":\"S\u00e1lak\",\"item\":\"https:\/\/flymetotheloom.com\/termekkategoria\/salak\/\"},{\"@type\":\"ListItem\",\"position\":4,\"name\":\"Selyems\u00e1l\",\"item\":\"https:\/\/flymetotheloom.com\/termekkategoria\/salak\/selyemsal\/\"},{\"@type\":\"ListItem\",\"position\":5,\"name\":\"Herny\u00f3selyem kend\u0151 \u2013 v\u00f6r\u00f6s-barna\"}]},{\"@type\":\"WebSite\",\"@id\":\"https:\/\/flymetotheloom.com\/#website\",\"url\":\"https:\/\/flymetotheloom.com\/\",\"name\":\"Flymetotheloom.com\",\"description\":\"M\u00c1RTA s\u00e1lak\",\"publisher\":{\"@id\":\"https:\/\/flymetotheloom.com\/#\/schema\/person\/0f955315372e1f00f3f631a9a39a19e8\"},\"potentialAction\":[{\"@type\":\"SearchAction\",\"target\":{\"@type\":\"EntryPoint\",\"urlTemplate\":\"https:\/\/flymetotheloom.com\/?s={search_term_string}\"},\"query-input\":\"required name=search_term_string\"}],\"inLanguage\":\"en-GB\"},{\"@type\":[\"Person\",\"Organization\"],\"@id\":\"https:\/\/flymetotheloom.com\/#\/schema\/person\/0f955315372e1f00f3f631a9a39a19e8\",\"name\":\"admin\",\"image\":{\"@type\":\"ImageObject\",\"inLanguage\":\"en-GB\",\"@id\":\"https:\/\/flymetotheloom.com\/#\/schema\/person\/image\/\",\"url\":\"https:\/\/flymetotheloom.com\/wp-content\/uploads\/2022\/10\/Marta-logo_vegleges_hatter-nelkul-17.png\",\"contentUrl\":\"https:\/\/flymetotheloom.com\/wp-content\/uploads\/2022\/10\/Marta-logo_vegleges_hatter-nelkul-17.png\",\"width\":828,\"height\":822,\"caption\":\"admin\"},\"logo\":{\"@id\":\"https:\/\/flymetotheloom.com\/#\/schema\/person\/image\/\"},\"sameAs\":[\"https:\/\/flymetotheloom.com\"]}]}<\/script>\n<!-- \/ Yoast SEO Premium plugin. -->","yoast_head_json":{"title":"Herny\u00f3selyem kend\u0151 \u2013 v\u00f6r\u00f6s-barna - Flymetotheloom.com","description":"A herny\u00f3selyem \u00e9vezredek \u00f3ta a legfinomabb \u00e9s legtart\u00f3sabb sz\u00f6vetk\u00e9nt ismert. Sim\u00e1bb \u00e9s puh\u00e1bb, mint b\u00e1rmely m\u00e1s selyem a vil\u00e1gon.","robots":{"index":"noindex","follow":"follow"},"og_locale":"en_GB","og_type":"article","og_title":"Herny\u00f3selyem kend\u0151 \u2013 v\u00f6r\u00f6s-barna","og_description":"A herny\u00f3selyem \u00e9vezredek \u00f3ta a legfinomabb \u00e9s legtart\u00f3sabb sz\u00f6vetk\u00e9nt ismert. Sim\u00e1bb \u00e9s puh\u00e1bb, mint b\u00e1rmely m\u00e1s selyem a vil\u00e1gon.","og_url":"https:\/\/flymetotheloom.com\/eng\/bolt\/mulberry-silk-scarf-red-brown\/","og_site_name":"Flymetotheloom.com","article_modified_time":"2025-12-18T10:53:29+00:00","og_image":[{"width":1080,"height":1651,"url":"https:\/\/flymetotheloom.com\/wp-content\/uploads\/2024\/02\/22036-tobbszinu-merino-gyapju-sal-01_min.webp","type":"image\/webp"}],"twitter_card":"summary_large_image","twitter_misc":{"Estimated reading time":"1 minute"},"schema":{"@context":"https:\/\/schema.org","@graph":[{"@type":"WebPage","@id":"https:\/\/flymetotheloom.com\/bolt\/hernyoselyem-kendo-voros-barna\/","url":"https:\/\/flymetotheloom.com\/bolt\/hernyoselyem-kendo-voros-barna\/","name":"Herny\u00f3selyem kend\u0151 \u2013 v\u00f6r\u00f6s-barna - Flymetotheloom.com","isPartOf":{"@id":"https:\/\/flymetotheloom.com\/#website"},"datePublished":"2025-06-16T03:20:11+00:00","dateModified":"2025-12-18T10:53:29+00:00","description":"A herny\u00f3selyem \u00e9vezredek \u00f3ta a legfinomabb \u00e9s legtart\u00f3sabb sz\u00f6vetk\u00e9nt ismert. Sim\u00e1bb \u00e9s puh\u00e1bb, mint b\u00e1rmely m\u00e1s selyem a vil\u00e1gon.","breadcrumb":{"@id":"https:\/\/flymetotheloom.com\/bolt\/hernyoselyem-kendo-voros-barna\/#breadcrumb"},"inLanguage":"en-GB","potentialAction":[{"@type":"ReadAction","target":["https:\/\/flymetotheloom.com\/bolt\/hernyoselyem-kendo-voros-barna\/"]}]},{"@type":"BreadcrumbList","@id":"https:\/\/flymetotheloom.com\/bolt\/hernyoselyem-kendo-voros-barna\/#breadcrumb","itemListElement":[{"@type":"ListItem","position":1,"name":"Home","item":"https:\/\/flymetotheloom.com\/"},{"@type":"ListItem","position":2,"name":"Term\u00e9kek","item":"https:\/\/flymetotheloom.com\/termekek\/"},{"@type":"ListItem","position":3,"name":"S\u00e1lak","item":"https:\/\/flymetotheloom.com\/termekkategoria\/salak\/"},{"@type":"ListItem","position":4,"name":"Selyems\u00e1l","item":"https:\/\/flymetotheloom.com\/termekkategoria\/salak\/selyemsal\/"},{"@type":"ListItem","position":5,"name":"Herny\u00f3selyem kend\u0151 \u2013 v\u00f6r\u00f6s-barna"}]},{"@type":"WebSite","@id":"https:\/\/flymetotheloom.com\/#website","url":"https:\/\/flymetotheloom.com\/","name":"Flymetotheloom.com","description":"M\u00c1RTA s\u00e1lak","publisher":{"@id":"https:\/\/flymetotheloom.com\/#\/schema\/person\/0f955315372e1f00f3f631a9a39a19e8"},"potentialAction":[{"@type":"SearchAction","target":{"@type":"EntryPoint","urlTemplate":"https:\/\/flymetotheloom.com\/?s={search_term_string}"},"query-input":"required name=search_term_string"}],"inLanguage":"en-GB"},{"@type":["Person","Organization"],"@id":"https:\/\/flymetotheloom.com\/#\/schema\/person\/0f955315372e1f00f3f631a9a39a19e8","name":"admin","image":{"@type":"ImageObject","inLanguage":"en-GB","@id":"https:\/\/flymetotheloom.com\/#\/schema\/person\/image\/","url":"https:\/\/flymetotheloom.com\/wp-content\/uploads\/2022\/10\/Marta-logo_vegleges_hatter-nelkul-17.png","contentUrl":"https:\/\/flymetotheloom.com\/wp-content\/uploads\/2022\/10\/Marta-logo_vegleges_hatter-nelkul-17.png","width":828,"height":822,"caption":"admin"},"logo":{"@id":"https:\/\/flymetotheloom.com\/#\/schema\/person\/image\/"},"sameAs":["https:\/\/flymetotheloom.com"]}]}},"_links":{"self":[{"href":"https:\/\/flymetotheloom.com\/eng\/wp-json\/wp\/v2\/product\/2107","targetHints":{"allow":["GET"]}}],"collection":[{"href":"https:\/\/flymetotheloom.com\/eng\/wp-json\/wp\/v2\/product"}],"about":[{"href":"https:\/\/flymetotheloom.com\/eng\/wp-json\/wp\/v2\/types\/product"}],"replies":[{"embeddable":true,"href":"https:\/\/flymetotheloom.com\/eng\/wp-json\/wp\/v2\/comments?post=2107"}],"wp:featuredmedia":[{"embeddable":true,"href":"https:\/\/flymetotheloom.com\/eng\/wp-json\/wp\/v2\/media\/2111"}],"wp:attachment":[{"href":"https:\/\/flymetotheloom.com\/eng\/wp-json\/wp\/v2\/media?parent=2107"}],"wp:term":[{"taxonomy":"product_cat","embeddable":true,"href":"https:\/\/flymetotheloom.com\/eng\/wp-json\/wp\/v2\/product_cat?post=2107"},{"taxonomy":"product_tag","embeddable":true,"href":"https:\/\/flymetotheloom.com\/eng\/wp-json\/wp\/v2\/product_tag?post=2107"}],"curies":[{"name":"wp","href":"https:\/\/api.w.org\/{rel}","templated":true}]}}