{"id":2164,"date":"2025-06-16T05:20:10","date_gmt":"2025-06-16T03:20:10","guid":{"rendered":"https:\/\/flymetotheloom.com\/?post_type=product&#038;p=2164"},"modified":"2025-12-08T09:59:13","modified_gmt":"2025-12-08T08:59:13","slug":"halvanykek-turkiz-csomagolo-textil","status":"publish","type":"product","link":"https:\/\/flymetotheloom.com\/eng\/bolt\/pale-blue-turquise-wrapping-textile\/","title":{"rendered":"Pale blue \u2013 turquise wrapping textile"},"content":{"rendered":"<p>Elevate your gift-giving experience with these handwoven, eco-friendly cotton textiles.\nThese cotton wraps are designed for endless reuse, so you can gift beautifully and responsibly every time. Each of my creations is truly one-of-a-kind, carefully made by hand in my home studio.  No two items are exactly alike, which means each carries it\u2019s own character and charm.<\/p>\n<p>Advantages: aesthetic appeal, eco-friendly, reusable, cost efficiency, customizable for specific needs, lightweight and flexible, breathability, one-of a -kind.<\/p>","protected":false},"excerpt":{"rendered":"<p>Elevate your gift-giving experience with these handwoven, eco-friendly cotton textiles. These cotton wraps are designed for endless reuse, so you can gift beautifully and responsibly every time.<\/p>","protected":false},"featured_media":2154,"comment_status":"closed","ping_status":"closed","template":"","meta":[],"product_cat":[95],"product_tag":[44,96,102,97,98,75],"class_list":{"0":"post-2164","1":"product","2":"type-product","3":"status-publish","4":"has-post-thumbnail","6":"product_cat-vaszon-csomagoloanyagok","7":"product_tag-egyedi-ajandek","8":"product_tag-furoshiki","9":"product_tag-halvanykek","10":"product_tag-pamut","11":"product_tag-pamut-csomagoloanyag","12":"product_tag-turkiz","14":"first","15":"outofstock","16":"sold-individually","17":"shipping-taxable","18":"purchasable","19":"product-type-simple"},"yoast_head":"<!-- This site is optimized with the Yoast SEO Premium plugin v22.1 (Yoast SEO v22.1) - https:\/\/yoast.com\/wordpress\/plugins\/seo\/ -->\n<title>Halv\u00e1nyk\u00e9k -t\u00fcrkiz csomagol\u00f3 textil - Flymetotheloom.com<\/title>\n<meta name=\"description\" content=\"Halv\u00e1nyk\u00e9k -t\u00fcrkiz csomagol\u00f3 textil k\u00e9zzel sz\u0151tt, k\u00f6rnyezetbar\u00e1t pamut csomagol\u00f3anyag, ami fenntarthat\u00f3, mert \u00fajra \u00e9s \u00fajra felhaszn\u00e1lhat\u00f3\" \/>\n<meta name=\"robots\" content=\"noindex, follow\" \/>\n<meta property=\"og:locale\" content=\"en_GB\" \/>\n<meta property=\"og:type\" content=\"article\" \/>\n<meta property=\"og:title\" content=\"Halv\u00e1nyk\u00e9k -t\u00fcrkiz csomagol\u00f3 textil\" \/>\n<meta property=\"og:description\" content=\"Halv\u00e1nyk\u00e9k -t\u00fcrkiz csomagol\u00f3 textil k\u00e9zzel sz\u0151tt, k\u00f6rnyezetbar\u00e1t pamut csomagol\u00f3anyag, ami fenntarthat\u00f3, mert \u00fajra \u00e9s \u00fajra felhaszn\u00e1lhat\u00f3\" \/>\n<meta property=\"og:url\" content=\"https:\/\/flymetotheloom.com\/eng\/bolt\/pale-blue-turquise-wrapping-textile\/\" \/>\n<meta property=\"og:site_name\" content=\"Flymetotheloom.com\" \/>\n<meta property=\"article:modified_time\" content=\"2025-12-08T08:59:13+00:00\" \/>\n<meta property=\"og:image\" content=\"https:\/\/flymetotheloom.com\/wp-content\/uploads\/2024\/02\/22036-tobbszinu-merino-gyapju-sal-01_min.webp\" \/>\n\t<meta property=\"og:image:width\" content=\"1080\" \/>\n\t<meta property=\"og:image:height\" content=\"1651\" \/>\n\t<meta property=\"og:image:type\" content=\"image\/webp\" \/>\n<meta name=\"twitter:card\" content=\"summary_large_image\" \/>\n<meta name=\"twitter:label1\" content=\"Estimated reading time\" \/>\n\t<meta name=\"twitter:data1\" content=\"1 minute\" \/>\n<script type=\"application\/ld+json\" class=\"yoast-schema-graph\">{\"@context\":\"https:\/\/schema.org\",\"@graph\":[{\"@type\":\"WebPage\",\"@id\":\"https:\/\/flymetotheloom.com\/bolt\/halvanykek-turkiz-csomagolo-textil\/\",\"url\":\"https:\/\/flymetotheloom.com\/bolt\/halvanykek-turkiz-csomagolo-textil\/\",\"name\":\"Halv\u00e1nyk\u00e9k -t\u00fcrkiz csomagol\u00f3 textil - Flymetotheloom.com\",\"isPartOf\":{\"@id\":\"https:\/\/flymetotheloom.com\/#website\"},\"datePublished\":\"2025-06-16T03:20:10+00:00\",\"dateModified\":\"2025-12-08T08:59:13+00:00\",\"description\":\"Halv\u00e1nyk\u00e9k -t\u00fcrkiz csomagol\u00f3 textil k\u00e9zzel sz\u0151tt, k\u00f6rnyezetbar\u00e1t pamut csomagol\u00f3anyag, ami fenntarthat\u00f3, mert \u00fajra \u00e9s \u00fajra felhaszn\u00e1lhat\u00f3\",\"breadcrumb\":{\"@id\":\"https:\/\/flymetotheloom.com\/bolt\/halvanykek-turkiz-csomagolo-textil\/#breadcrumb\"},\"inLanguage\":\"en-GB\",\"potentialAction\":[{\"@type\":\"ReadAction\",\"target\":[\"https:\/\/flymetotheloom.com\/bolt\/halvanykek-turkiz-csomagolo-textil\/\"]}]},{\"@type\":\"BreadcrumbList\",\"@id\":\"https:\/\/flymetotheloom.com\/bolt\/halvanykek-turkiz-csomagolo-textil\/#breadcrumb\",\"itemListElement\":[{\"@type\":\"ListItem\",\"position\":1,\"name\":\"Home\",\"item\":\"https:\/\/flymetotheloom.com\/\"},{\"@type\":\"ListItem\",\"position\":2,\"name\":\"Term\u00e9kek\",\"item\":\"https:\/\/flymetotheloom.com\/termekek\/\"},{\"@type\":\"ListItem\",\"position\":3,\"name\":\"V\u00e1szon csomagol\u00f3anyagok\",\"item\":\"https:\/\/flymetotheloom.com\/termekkategoria\/vaszon-csomagoloanyagok\/\"},{\"@type\":\"ListItem\",\"position\":4,\"name\":\"Halv\u00e1nyk\u00e9k -t\u00fcrkiz csomagol\u00f3 textil\"}]},{\"@type\":\"WebSite\",\"@id\":\"https:\/\/flymetotheloom.com\/#website\",\"url\":\"https:\/\/flymetotheloom.com\/\",\"name\":\"Flymetotheloom.com\",\"description\":\"M\u00c1RTA s\u00e1lak\",\"publisher\":{\"@id\":\"https:\/\/flymetotheloom.com\/#\/schema\/person\/0f955315372e1f00f3f631a9a39a19e8\"},\"potentialAction\":[{\"@type\":\"SearchAction\",\"target\":{\"@type\":\"EntryPoint\",\"urlTemplate\":\"https:\/\/flymetotheloom.com\/?s={search_term_string}\"},\"query-input\":\"required name=search_term_string\"}],\"inLanguage\":\"en-GB\"},{\"@type\":[\"Person\",\"Organization\"],\"@id\":\"https:\/\/flymetotheloom.com\/#\/schema\/person\/0f955315372e1f00f3f631a9a39a19e8\",\"name\":\"admin\",\"image\":{\"@type\":\"ImageObject\",\"inLanguage\":\"en-GB\",\"@id\":\"https:\/\/flymetotheloom.com\/#\/schema\/person\/image\/\",\"url\":\"https:\/\/flymetotheloom.com\/wp-content\/uploads\/2022\/10\/Marta-logo_vegleges_hatter-nelkul-17.png\",\"contentUrl\":\"https:\/\/flymetotheloom.com\/wp-content\/uploads\/2022\/10\/Marta-logo_vegleges_hatter-nelkul-17.png\",\"width\":828,\"height\":822,\"caption\":\"admin\"},\"logo\":{\"@id\":\"https:\/\/flymetotheloom.com\/#\/schema\/person\/image\/\"},\"sameAs\":[\"https:\/\/flymetotheloom.com\"]}]}<\/script>\n<!-- \/ Yoast SEO Premium plugin. -->","yoast_head_json":{"title":"Halv\u00e1nyk\u00e9k -t\u00fcrkiz csomagol\u00f3 textil - Flymetotheloom.com","description":"Halv\u00e1nyk\u00e9k -t\u00fcrkiz csomagol\u00f3 textil k\u00e9zzel sz\u0151tt, k\u00f6rnyezetbar\u00e1t pamut csomagol\u00f3anyag, ami fenntarthat\u00f3, mert \u00fajra \u00e9s \u00fajra felhaszn\u00e1lhat\u00f3","robots":{"index":"noindex","follow":"follow"},"og_locale":"en_GB","og_type":"article","og_title":"Halv\u00e1nyk\u00e9k -t\u00fcrkiz csomagol\u00f3 textil","og_description":"Halv\u00e1nyk\u00e9k -t\u00fcrkiz csomagol\u00f3 textil k\u00e9zzel sz\u0151tt, k\u00f6rnyezetbar\u00e1t pamut csomagol\u00f3anyag, ami fenntarthat\u00f3, mert \u00fajra \u00e9s \u00fajra felhaszn\u00e1lhat\u00f3","og_url":"https:\/\/flymetotheloom.com\/eng\/bolt\/pale-blue-turquise-wrapping-textile\/","og_site_name":"Flymetotheloom.com","article_modified_time":"2025-12-08T08:59:13+00:00","og_image":[{"width":1080,"height":1651,"url":"https:\/\/flymetotheloom.com\/wp-content\/uploads\/2024\/02\/22036-tobbszinu-merino-gyapju-sal-01_min.webp","type":"image\/webp"}],"twitter_card":"summary_large_image","twitter_misc":{"Estimated reading time":"1 minute"},"schema":{"@context":"https:\/\/schema.org","@graph":[{"@type":"WebPage","@id":"https:\/\/flymetotheloom.com\/bolt\/halvanykek-turkiz-csomagolo-textil\/","url":"https:\/\/flymetotheloom.com\/bolt\/halvanykek-turkiz-csomagolo-textil\/","name":"Halv\u00e1nyk\u00e9k -t\u00fcrkiz csomagol\u00f3 textil - Flymetotheloom.com","isPartOf":{"@id":"https:\/\/flymetotheloom.com\/#website"},"datePublished":"2025-06-16T03:20:10+00:00","dateModified":"2025-12-08T08:59:13+00:00","description":"Halv\u00e1nyk\u00e9k -t\u00fcrkiz csomagol\u00f3 textil k\u00e9zzel sz\u0151tt, k\u00f6rnyezetbar\u00e1t pamut csomagol\u00f3anyag, ami fenntarthat\u00f3, mert \u00fajra \u00e9s \u00fajra felhaszn\u00e1lhat\u00f3","breadcrumb":{"@id":"https:\/\/flymetotheloom.com\/bolt\/halvanykek-turkiz-csomagolo-textil\/#breadcrumb"},"inLanguage":"en-GB","potentialAction":[{"@type":"ReadAction","target":["https:\/\/flymetotheloom.com\/bolt\/halvanykek-turkiz-csomagolo-textil\/"]}]},{"@type":"BreadcrumbList","@id":"https:\/\/flymetotheloom.com\/bolt\/halvanykek-turkiz-csomagolo-textil\/#breadcrumb","itemListElement":[{"@type":"ListItem","position":1,"name":"Home","item":"https:\/\/flymetotheloom.com\/"},{"@type":"ListItem","position":2,"name":"Term\u00e9kek","item":"https:\/\/flymetotheloom.com\/termekek\/"},{"@type":"ListItem","position":3,"name":"V\u00e1szon csomagol\u00f3anyagok","item":"https:\/\/flymetotheloom.com\/termekkategoria\/vaszon-csomagoloanyagok\/"},{"@type":"ListItem","position":4,"name":"Halv\u00e1nyk\u00e9k -t\u00fcrkiz csomagol\u00f3 textil"}]},{"@type":"WebSite","@id":"https:\/\/flymetotheloom.com\/#website","url":"https:\/\/flymetotheloom.com\/","name":"Flymetotheloom.com","description":"M\u00c1RTA s\u00e1lak","publisher":{"@id":"https:\/\/flymetotheloom.com\/#\/schema\/person\/0f955315372e1f00f3f631a9a39a19e8"},"potentialAction":[{"@type":"SearchAction","target":{"@type":"EntryPoint","urlTemplate":"https:\/\/flymetotheloom.com\/?s={search_term_string}"},"query-input":"required name=search_term_string"}],"inLanguage":"en-GB"},{"@type":["Person","Organization"],"@id":"https:\/\/flymetotheloom.com\/#\/schema\/person\/0f955315372e1f00f3f631a9a39a19e8","name":"admin","image":{"@type":"ImageObject","inLanguage":"en-GB","@id":"https:\/\/flymetotheloom.com\/#\/schema\/person\/image\/","url":"https:\/\/flymetotheloom.com\/wp-content\/uploads\/2022\/10\/Marta-logo_vegleges_hatter-nelkul-17.png","contentUrl":"https:\/\/flymetotheloom.com\/wp-content\/uploads\/2022\/10\/Marta-logo_vegleges_hatter-nelkul-17.png","width":828,"height":822,"caption":"admin"},"logo":{"@id":"https:\/\/flymetotheloom.com\/#\/schema\/person\/image\/"},"sameAs":["https:\/\/flymetotheloom.com"]}]}},"_links":{"self":[{"href":"https:\/\/flymetotheloom.com\/eng\/wp-json\/wp\/v2\/product\/2164","targetHints":{"allow":["GET"]}}],"collection":[{"href":"https:\/\/flymetotheloom.com\/eng\/wp-json\/wp\/v2\/product"}],"about":[{"href":"https:\/\/flymetotheloom.com\/eng\/wp-json\/wp\/v2\/types\/product"}],"replies":[{"embeddable":true,"href":"https:\/\/flymetotheloom.com\/eng\/wp-json\/wp\/v2\/comments?post=2164"}],"wp:featuredmedia":[{"embeddable":true,"href":"https:\/\/flymetotheloom.com\/eng\/wp-json\/wp\/v2\/media\/2154"}],"wp:attachment":[{"href":"https:\/\/flymetotheloom.com\/eng\/wp-json\/wp\/v2\/media?parent=2164"}],"wp:term":[{"taxonomy":"product_cat","embeddable":true,"href":"https:\/\/flymetotheloom.com\/eng\/wp-json\/wp\/v2\/product_cat?post=2164"},{"taxonomy":"product_tag","embeddable":true,"href":"https:\/\/flymetotheloom.com\/eng\/wp-json\/wp\/v2\/product_tag?post=2164"}],"curies":[{"name":"wp","href":"https:\/\/api.w.org\/{rel}","templated":true}]}}