{"id":2230,"date":"2025-06-16T05:20:10","date_gmt":"2025-06-16T03:20:10","guid":{"rendered":"https:\/\/flymetotheloom.com\/?post_type=product&#038;p=2230"},"modified":"2025-06-16T05:55:53","modified_gmt":"2025-06-16T03:55:53","slug":"konyharuha-terracotta","status":"publish","type":"product","link":"https:\/\/flymetotheloom.com\/eng\/bolt\/kitchen-towel-terracotta\/","title":{"rendered":"Kitchen towel - terracotta"},"content":{"rendered":"<p class=\" translation-block\">This <strong>handmade, handwoven and hand-sewn<\/strong> kitchen towel is crafted with care and attention to detail, ensuring both durability  and unique, aesthetic appeal.  Made from 100% natural cotton , it offers a light, soft and breathable, absorbent texture. <strong>Each piece is unique<\/strong>, reflecting the beauty of handcrafted work. Cheer up your kitchen with the warmth of handmade charm. Crafted for beauty and function.<\/p>\n<ul>\n<li class=\" translation-block\"><strong>advantages:<\/strong> unique, durable,natural,absorbent, light, soft and gentle,timeless aestehtic appeal<\/li>\n<li class=\" translation-block\"><strong>size:<\/strong>  36 x 60 cm<\/li>\n<\/ul>","protected":false},"excerpt":{"rendered":"<p>Cheer up your kitchen with the terracotta color of handmade charm. Crafted for beauty and function.<\/p>","protected":false},"featured_media":2216,"comment_status":"closed","ping_status":"closed","template":"","meta":[],"product_cat":[105],"product_tag":[74,107,97,99],"class_list":{"0":"post-2230","1":"product","2":"type-product","3":"status-publish","4":"has-post-thumbnail","6":"product_cat-pamut-konyharuhak","7":"product_tag-100-pamut","8":"product_tag-konyharuha","9":"product_tag-pamut","10":"product_tag-terracotta","12":"first","13":"instock","14":"sold-individually","15":"shipping-taxable","16":"purchasable","17":"product-type-simple"},"yoast_head":"<!-- This site is optimized with the Yoast SEO Premium plugin v22.1 (Yoast SEO v22.1) - https:\/\/yoast.com\/wordpress\/plugins\/seo\/ -->\n<title>Konyharuha - terracotta - Flymetotheloom.com<\/title>\n<meta name=\"description\" content=\"Dobd fel a konyh\u00e1dat ezen terracotta sz\u00edn\u0171 konyharuha var\u00e1zs\u00e1val. Hagyom\u00e1ny \u00e9s modern elegancia egyetlen anyagban \u00f6sszefon\u00f3dva.\" \/>\n<meta name=\"robots\" content=\"noindex, follow\" \/>\n<meta property=\"og:locale\" content=\"en_GB\" \/>\n<meta property=\"og:type\" content=\"article\" \/>\n<meta property=\"og:title\" content=\"Konyharuha - terracotta\" \/>\n<meta property=\"og:description\" content=\"Dobd fel a konyh\u00e1dat ezen terracotta sz\u00edn\u0171 konyharuha var\u00e1zs\u00e1val. Hagyom\u00e1ny \u00e9s modern elegancia egyetlen anyagban \u00f6sszefon\u00f3dva.\" \/>\n<meta property=\"og:url\" content=\"https:\/\/flymetotheloom.com\/eng\/bolt\/kitchen-towel-terracotta\/\" \/>\n<meta property=\"og:site_name\" content=\"Flymetotheloom.com\" \/>\n<meta property=\"article:modified_time\" content=\"2025-06-16T03:55:53+00:00\" \/>\n<meta property=\"og:image\" content=\"https:\/\/flymetotheloom.com\/wp-content\/uploads\/2025\/03\/Konyharuha-2-a--scaled.webp\" \/>\n\t<meta property=\"og:image:width\" content=\"1309\" \/>\n\t<meta property=\"og:image:height\" content=\"2560\" \/>\n\t<meta property=\"og:image:type\" content=\"image\/webp\" \/>\n<meta name=\"twitter:card\" content=\"summary_large_image\" \/>\n<meta name=\"twitter:label1\" content=\"Estimated reading time\" \/>\n\t<meta name=\"twitter:data1\" content=\"1 minute\" \/>\n<script type=\"application\/ld+json\" class=\"yoast-schema-graph\">{\"@context\":\"https:\/\/schema.org\",\"@graph\":[{\"@type\":\"WebPage\",\"@id\":\"https:\/\/flymetotheloom.com\/bolt\/konyharuha-terracotta\/\",\"url\":\"https:\/\/flymetotheloom.com\/bolt\/konyharuha-terracotta\/\",\"name\":\"Konyharuha - terracotta - Flymetotheloom.com\",\"isPartOf\":{\"@id\":\"https:\/\/flymetotheloom.com\/#website\"},\"datePublished\":\"2025-06-16T03:20:10+00:00\",\"dateModified\":\"2025-06-16T03:55:53+00:00\",\"description\":\"Dobd fel a konyh\u00e1dat ezen terracotta sz\u00edn\u0171 konyharuha var\u00e1zs\u00e1val. Hagyom\u00e1ny \u00e9s modern elegancia egyetlen anyagban \u00f6sszefon\u00f3dva.\",\"breadcrumb\":{\"@id\":\"https:\/\/flymetotheloom.com\/bolt\/konyharuha-terracotta\/#breadcrumb\"},\"inLanguage\":\"en-GB\",\"potentialAction\":[{\"@type\":\"ReadAction\",\"target\":[\"https:\/\/flymetotheloom.com\/bolt\/konyharuha-terracotta\/\"]}]},{\"@type\":\"BreadcrumbList\",\"@id\":\"https:\/\/flymetotheloom.com\/bolt\/konyharuha-terracotta\/#breadcrumb\",\"itemListElement\":[{\"@type\":\"ListItem\",\"position\":1,\"name\":\"Home\",\"item\":\"https:\/\/flymetotheloom.com\/\"},{\"@type\":\"ListItem\",\"position\":2,\"name\":\"Term\u00e9kek\",\"item\":\"https:\/\/flymetotheloom.com\/termekek\/\"},{\"@type\":\"ListItem\",\"position\":3,\"name\":\"Pamut konyharuh\u00e1k\",\"item\":\"https:\/\/flymetotheloom.com\/termekkategoria\/pamut-konyharuhak\/\"},{\"@type\":\"ListItem\",\"position\":4,\"name\":\"Konyharuha &#8211; terracotta\"}]},{\"@type\":\"WebSite\",\"@id\":\"https:\/\/flymetotheloom.com\/#website\",\"url\":\"https:\/\/flymetotheloom.com\/\",\"name\":\"Flymetotheloom.com\",\"description\":\"M\u00c1RTA s\u00e1lak\",\"publisher\":{\"@id\":\"https:\/\/flymetotheloom.com\/#\/schema\/person\/0f955315372e1f00f3f631a9a39a19e8\"},\"potentialAction\":[{\"@type\":\"SearchAction\",\"target\":{\"@type\":\"EntryPoint\",\"urlTemplate\":\"https:\/\/flymetotheloom.com\/?s={search_term_string}\"},\"query-input\":\"required name=search_term_string\"}],\"inLanguage\":\"en-GB\"},{\"@type\":[\"Person\",\"Organization\"],\"@id\":\"https:\/\/flymetotheloom.com\/#\/schema\/person\/0f955315372e1f00f3f631a9a39a19e8\",\"name\":\"admin\",\"image\":{\"@type\":\"ImageObject\",\"inLanguage\":\"en-GB\",\"@id\":\"https:\/\/flymetotheloom.com\/#\/schema\/person\/image\/\",\"url\":\"https:\/\/flymetotheloom.com\/wp-content\/uploads\/2022\/10\/Marta-logo_vegleges_hatter-nelkul-17.png\",\"contentUrl\":\"https:\/\/flymetotheloom.com\/wp-content\/uploads\/2022\/10\/Marta-logo_vegleges_hatter-nelkul-17.png\",\"width\":828,\"height\":822,\"caption\":\"admin\"},\"logo\":{\"@id\":\"https:\/\/flymetotheloom.com\/#\/schema\/person\/image\/\"},\"sameAs\":[\"https:\/\/flymetotheloom.com\"]}]}<\/script>\n<!-- \/ Yoast SEO Premium plugin. -->","yoast_head_json":{"title":"Konyharuha - terracotta - Flymetotheloom.com","description":"Dobd fel a konyh\u00e1dat ezen terracotta sz\u00edn\u0171 konyharuha var\u00e1zs\u00e1val. Hagyom\u00e1ny \u00e9s modern elegancia egyetlen anyagban \u00f6sszefon\u00f3dva.","robots":{"index":"noindex","follow":"follow"},"og_locale":"en_GB","og_type":"article","og_title":"Konyharuha - terracotta","og_description":"Dobd fel a konyh\u00e1dat ezen terracotta sz\u00edn\u0171 konyharuha var\u00e1zs\u00e1val. Hagyom\u00e1ny \u00e9s modern elegancia egyetlen anyagban \u00f6sszefon\u00f3dva.","og_url":"https:\/\/flymetotheloom.com\/eng\/bolt\/kitchen-towel-terracotta\/","og_site_name":"Flymetotheloom.com","article_modified_time":"2025-06-16T03:55:53+00:00","og_image":[{"width":1309,"height":2560,"url":"https:\/\/flymetotheloom.com\/wp-content\/uploads\/2025\/03\/Konyharuha-2-a--scaled.webp","type":"image\/webp"}],"twitter_card":"summary_large_image","twitter_misc":{"Estimated reading time":"1 minute"},"schema":{"@context":"https:\/\/schema.org","@graph":[{"@type":"WebPage","@id":"https:\/\/flymetotheloom.com\/bolt\/konyharuha-terracotta\/","url":"https:\/\/flymetotheloom.com\/bolt\/konyharuha-terracotta\/","name":"Konyharuha - terracotta - Flymetotheloom.com","isPartOf":{"@id":"https:\/\/flymetotheloom.com\/#website"},"datePublished":"2025-06-16T03:20:10+00:00","dateModified":"2025-06-16T03:55:53+00:00","description":"Dobd fel a konyh\u00e1dat ezen terracotta sz\u00edn\u0171 konyharuha var\u00e1zs\u00e1val. Hagyom\u00e1ny \u00e9s modern elegancia egyetlen anyagban \u00f6sszefon\u00f3dva.","breadcrumb":{"@id":"https:\/\/flymetotheloom.com\/bolt\/konyharuha-terracotta\/#breadcrumb"},"inLanguage":"en-GB","potentialAction":[{"@type":"ReadAction","target":["https:\/\/flymetotheloom.com\/bolt\/konyharuha-terracotta\/"]}]},{"@type":"BreadcrumbList","@id":"https:\/\/flymetotheloom.com\/bolt\/konyharuha-terracotta\/#breadcrumb","itemListElement":[{"@type":"ListItem","position":1,"name":"Home","item":"https:\/\/flymetotheloom.com\/"},{"@type":"ListItem","position":2,"name":"Term\u00e9kek","item":"https:\/\/flymetotheloom.com\/termekek\/"},{"@type":"ListItem","position":3,"name":"Pamut konyharuh\u00e1k","item":"https:\/\/flymetotheloom.com\/termekkategoria\/pamut-konyharuhak\/"},{"@type":"ListItem","position":4,"name":"Konyharuha &#8211; terracotta"}]},{"@type":"WebSite","@id":"https:\/\/flymetotheloom.com\/#website","url":"https:\/\/flymetotheloom.com\/","name":"Flymetotheloom.com","description":"M\u00c1RTA s\u00e1lak","publisher":{"@id":"https:\/\/flymetotheloom.com\/#\/schema\/person\/0f955315372e1f00f3f631a9a39a19e8"},"potentialAction":[{"@type":"SearchAction","target":{"@type":"EntryPoint","urlTemplate":"https:\/\/flymetotheloom.com\/?s={search_term_string}"},"query-input":"required name=search_term_string"}],"inLanguage":"en-GB"},{"@type":["Person","Organization"],"@id":"https:\/\/flymetotheloom.com\/#\/schema\/person\/0f955315372e1f00f3f631a9a39a19e8","name":"admin","image":{"@type":"ImageObject","inLanguage":"en-GB","@id":"https:\/\/flymetotheloom.com\/#\/schema\/person\/image\/","url":"https:\/\/flymetotheloom.com\/wp-content\/uploads\/2022\/10\/Marta-logo_vegleges_hatter-nelkul-17.png","contentUrl":"https:\/\/flymetotheloom.com\/wp-content\/uploads\/2022\/10\/Marta-logo_vegleges_hatter-nelkul-17.png","width":828,"height":822,"caption":"admin"},"logo":{"@id":"https:\/\/flymetotheloom.com\/#\/schema\/person\/image\/"},"sameAs":["https:\/\/flymetotheloom.com"]}]}},"_links":{"self":[{"href":"https:\/\/flymetotheloom.com\/eng\/wp-json\/wp\/v2\/product\/2230","targetHints":{"allow":["GET"]}}],"collection":[{"href":"https:\/\/flymetotheloom.com\/eng\/wp-json\/wp\/v2\/product"}],"about":[{"href":"https:\/\/flymetotheloom.com\/eng\/wp-json\/wp\/v2\/types\/product"}],"replies":[{"embeddable":true,"href":"https:\/\/flymetotheloom.com\/eng\/wp-json\/wp\/v2\/comments?post=2230"}],"wp:featuredmedia":[{"embeddable":true,"href":"https:\/\/flymetotheloom.com\/eng\/wp-json\/wp\/v2\/media\/2216"}],"wp:attachment":[{"href":"https:\/\/flymetotheloom.com\/eng\/wp-json\/wp\/v2\/media?parent=2230"}],"wp:term":[{"taxonomy":"product_cat","embeddable":true,"href":"https:\/\/flymetotheloom.com\/eng\/wp-json\/wp\/v2\/product_cat?post=2230"},{"taxonomy":"product_tag","embeddable":true,"href":"https:\/\/flymetotheloom.com\/eng\/wp-json\/wp\/v2\/product_tag?post=2230"}],"curies":[{"name":"wp","href":"https:\/\/api.w.org\/{rel}","templated":true}]}}