{"id":2542,"date":"2025-06-16T08:20:09","date_gmt":"2025-06-16T06:20:09","guid":{"rendered":"https:\/\/flymetotheloom.com\/?post_type=product&#038;p=2542"},"modified":"2025-12-08T09:55:03","modified_gmt":"2025-12-08T08:55:03","slug":"elefantcsont-szinu-lenvaszon-bluz","status":"publish","type":"product","link":"https:\/\/flymetotheloom.com\/eng\/bolt\/ivory-colored-linen-blouse\/","title":{"rendered":"Ivory colored linen blouse"},"content":{"rendered":"<p>This ivory-colored summer blouse, woven from linen, blends the elegance of  kimono style with minimalist aesthetic. It\u2019s airy, lightweight design and clean lines create a refined yet effortless look. A unique and stylish piece, perfect for those who appreciate distinctive yet timeless fashion.<\/p>","protected":false},"excerpt":{"rendered":"<p>This ivory-colored summer blouse, woven from linen, blends the elegance of  kimono style with minimalist aesthetic. It\u2019s airy, lightweight design and clean lines create a refined yet effortless look.<\/p>","protected":false},"featured_media":2536,"comment_status":"closed","ping_status":"closed","template":"","meta":[],"product_cat":[171],"product_tag":[44,172,90,49],"class_list":{"0":"post-2542","1":"product","2":"type-product","3":"status-publish","4":"has-post-thumbnail","6":"product_cat-bluzok","7":"product_tag-egyedi-ajandek","8":"product_tag-elefantcsont","9":"product_tag-len","10":"product_tag-slow-fashion","12":"first","13":"outofstock","14":"sold-individually","15":"shipping-taxable","16":"purchasable","17":"product-type-simple"},"yoast_head":"<!-- This site is optimized with the Yoast SEO Premium plugin v22.1 (Yoast SEO v22.1) - https:\/\/yoast.com\/wordpress\/plugins\/seo\/ -->\n<title>Elef\u00e1ntcsont sz\u00edn\u0171 lenv\u00e1szon bl\u00faz - Flymetotheloom.com<\/title>\n<meta name=\"description\" content=\"Ez a lenb\u0151l k\u00e9zzel sz\u0151tt \u00e9s varrott, elef\u00e1ntcsontsz\u00edn\u0171 ny\u00e1ri bl\u00faz a kimon\u00f3 st\u00edlus eleganci\u00e1j\u00e1t \u00e9s minimalizmus\u00e1t \u00f6tv\u00f6zi. L\u00e9gies, k\u00f6nnyed szab\u00e1s \u00e9s letisztult vonalak.\" \/>\n<meta name=\"robots\" content=\"noindex, follow\" \/>\n<meta property=\"og:locale\" content=\"en_GB\" \/>\n<meta property=\"og:type\" content=\"article\" \/>\n<meta property=\"og:title\" content=\"Elef\u00e1ntcsont sz\u00edn\u0171 lenv\u00e1szon bl\u00faz\" \/>\n<meta property=\"og:description\" content=\"R\u00f3zsasz\u00edn \u00e9s sz\u00fcrke sz\u00edn\u0171, k\u00e9zzel sz\u0151tt selyems\u00e1l, amib\u0151l csak 1 darab k\u00e9sz\u00fclt az r\u00e9sz vil\u00e1gon. Egyedi, magyar sz\u00f6v\u00e9s\u0171, eleg\u00e1ns slow fashion s\u00e1l.\" \/>\n<meta property=\"og:url\" content=\"https:\/\/flymetotheloom.com\/eng\/bolt\/ivory-colored-linen-blouse\/\" \/>\n<meta property=\"og:site_name\" content=\"Flymetotheloom.com\" \/>\n<meta property=\"article:modified_time\" content=\"2025-12-08T08:55:03+00:00\" \/>\n<meta property=\"og:image\" content=\"https:\/\/flymetotheloom.com\/wp-content\/uploads\/2024\/02\/22003-rozsaszin-szurke-selyemsal-03_min.webp\" \/>\n\t<meta property=\"og:image:width\" content=\"1080\" \/>\n\t<meta property=\"og:image:height\" content=\"1670\" \/>\n\t<meta property=\"og:image:type\" content=\"image\/webp\" \/>\n<meta name=\"twitter:card\" content=\"summary_large_image\" \/>\n<meta name=\"twitter:label1\" content=\"Estimated reading time\" \/>\n\t<meta name=\"twitter:data1\" content=\"1 minute\" \/>\n<script type=\"application\/ld+json\" class=\"yoast-schema-graph\">{\"@context\":\"https:\/\/schema.org\",\"@graph\":[{\"@type\":\"WebPage\",\"@id\":\"https:\/\/flymetotheloom.com\/bolt\/elefantcsont-szinu-lenvaszon-bluz\/\",\"url\":\"https:\/\/flymetotheloom.com\/bolt\/elefantcsont-szinu-lenvaszon-bluz\/\",\"name\":\"Elef\u00e1ntcsont sz\u00edn\u0171 lenv\u00e1szon bl\u00faz - Flymetotheloom.com\",\"isPartOf\":{\"@id\":\"https:\/\/flymetotheloom.com\/#website\"},\"datePublished\":\"2025-06-16T06:20:09+00:00\",\"dateModified\":\"2025-12-08T08:55:03+00:00\",\"description\":\"Ez a lenb\u0151l k\u00e9zzel sz\u0151tt \u00e9s varrott, elef\u00e1ntcsontsz\u00edn\u0171 ny\u00e1ri bl\u00faz a kimon\u00f3 st\u00edlus eleganci\u00e1j\u00e1t \u00e9s minimalizmus\u00e1t \u00f6tv\u00f6zi. L\u00e9gies, k\u00f6nnyed szab\u00e1s \u00e9s letisztult vonalak.\",\"breadcrumb\":{\"@id\":\"https:\/\/flymetotheloom.com\/bolt\/elefantcsont-szinu-lenvaszon-bluz\/#breadcrumb\"},\"inLanguage\":\"en-GB\",\"potentialAction\":[{\"@type\":\"ReadAction\",\"target\":[\"https:\/\/flymetotheloom.com\/bolt\/elefantcsont-szinu-lenvaszon-bluz\/\"]}]},{\"@type\":\"BreadcrumbList\",\"@id\":\"https:\/\/flymetotheloom.com\/bolt\/elefantcsont-szinu-lenvaszon-bluz\/#breadcrumb\",\"itemListElement\":[{\"@type\":\"ListItem\",\"position\":1,\"name\":\"Home\",\"item\":\"https:\/\/flymetotheloom.com\/\"},{\"@type\":\"ListItem\",\"position\":2,\"name\":\"Term\u00e9kek\",\"item\":\"https:\/\/flymetotheloom.com\/termekek\/\"},{\"@type\":\"ListItem\",\"position\":3,\"name\":\"Bl\u00fazok\",\"item\":\"https:\/\/flymetotheloom.com\/termekkategoria\/bluzok\/\"},{\"@type\":\"ListItem\",\"position\":4,\"name\":\"Elef\u00e1ntcsont sz\u00edn\u0171 lenv\u00e1szon bl\u00faz\"}]},{\"@type\":\"WebSite\",\"@id\":\"https:\/\/flymetotheloom.com\/#website\",\"url\":\"https:\/\/flymetotheloom.com\/\",\"name\":\"Flymetotheloom.com\",\"description\":\"M\u00c1RTA s\u00e1lak\",\"publisher\":{\"@id\":\"https:\/\/flymetotheloom.com\/#\/schema\/person\/0f955315372e1f00f3f631a9a39a19e8\"},\"potentialAction\":[{\"@type\":\"SearchAction\",\"target\":{\"@type\":\"EntryPoint\",\"urlTemplate\":\"https:\/\/flymetotheloom.com\/?s={search_term_string}\"},\"query-input\":\"required name=search_term_string\"}],\"inLanguage\":\"en-GB\"},{\"@type\":[\"Person\",\"Organization\"],\"@id\":\"https:\/\/flymetotheloom.com\/#\/schema\/person\/0f955315372e1f00f3f631a9a39a19e8\",\"name\":\"admin\",\"image\":{\"@type\":\"ImageObject\",\"inLanguage\":\"en-GB\",\"@id\":\"https:\/\/flymetotheloom.com\/#\/schema\/person\/image\/\",\"url\":\"https:\/\/flymetotheloom.com\/wp-content\/uploads\/2022\/10\/Marta-logo_vegleges_hatter-nelkul-17.png\",\"contentUrl\":\"https:\/\/flymetotheloom.com\/wp-content\/uploads\/2022\/10\/Marta-logo_vegleges_hatter-nelkul-17.png\",\"width\":828,\"height\":822,\"caption\":\"admin\"},\"logo\":{\"@id\":\"https:\/\/flymetotheloom.com\/#\/schema\/person\/image\/\"},\"sameAs\":[\"https:\/\/flymetotheloom.com\"]}]}<\/script>\n<!-- \/ Yoast SEO Premium plugin. -->","yoast_head_json":{"title":"Elef\u00e1ntcsont sz\u00edn\u0171 lenv\u00e1szon bl\u00faz - Flymetotheloom.com","description":"Ez a lenb\u0151l k\u00e9zzel sz\u0151tt \u00e9s varrott, elef\u00e1ntcsontsz\u00edn\u0171 ny\u00e1ri bl\u00faz a kimon\u00f3 st\u00edlus eleganci\u00e1j\u00e1t \u00e9s minimalizmus\u00e1t \u00f6tv\u00f6zi. L\u00e9gies, k\u00f6nnyed szab\u00e1s \u00e9s letisztult vonalak.","robots":{"index":"noindex","follow":"follow"},"og_locale":"en_GB","og_type":"article","og_title":"Elef\u00e1ntcsont sz\u00edn\u0171 lenv\u00e1szon bl\u00faz","og_description":"R\u00f3zsasz\u00edn \u00e9s sz\u00fcrke sz\u00edn\u0171, k\u00e9zzel sz\u0151tt selyems\u00e1l, amib\u0151l csak 1 darab k\u00e9sz\u00fclt az r\u00e9sz vil\u00e1gon. Egyedi, magyar sz\u00f6v\u00e9s\u0171, eleg\u00e1ns slow fashion s\u00e1l.","og_url":"https:\/\/flymetotheloom.com\/eng\/bolt\/ivory-colored-linen-blouse\/","og_site_name":"Flymetotheloom.com","article_modified_time":"2025-12-08T08:55:03+00:00","og_image":[{"width":1080,"height":1670,"url":"https:\/\/flymetotheloom.com\/wp-content\/uploads\/2024\/02\/22003-rozsaszin-szurke-selyemsal-03_min.webp","type":"image\/webp"}],"twitter_card":"summary_large_image","twitter_misc":{"Estimated reading time":"1 minute"},"schema":{"@context":"https:\/\/schema.org","@graph":[{"@type":"WebPage","@id":"https:\/\/flymetotheloom.com\/bolt\/elefantcsont-szinu-lenvaszon-bluz\/","url":"https:\/\/flymetotheloom.com\/bolt\/elefantcsont-szinu-lenvaszon-bluz\/","name":"Elef\u00e1ntcsont sz\u00edn\u0171 lenv\u00e1szon bl\u00faz - Flymetotheloom.com","isPartOf":{"@id":"https:\/\/flymetotheloom.com\/#website"},"datePublished":"2025-06-16T06:20:09+00:00","dateModified":"2025-12-08T08:55:03+00:00","description":"Ez a lenb\u0151l k\u00e9zzel sz\u0151tt \u00e9s varrott, elef\u00e1ntcsontsz\u00edn\u0171 ny\u00e1ri bl\u00faz a kimon\u00f3 st\u00edlus eleganci\u00e1j\u00e1t \u00e9s minimalizmus\u00e1t \u00f6tv\u00f6zi. L\u00e9gies, k\u00f6nnyed szab\u00e1s \u00e9s letisztult vonalak.","breadcrumb":{"@id":"https:\/\/flymetotheloom.com\/bolt\/elefantcsont-szinu-lenvaszon-bluz\/#breadcrumb"},"inLanguage":"en-GB","potentialAction":[{"@type":"ReadAction","target":["https:\/\/flymetotheloom.com\/bolt\/elefantcsont-szinu-lenvaszon-bluz\/"]}]},{"@type":"BreadcrumbList","@id":"https:\/\/flymetotheloom.com\/bolt\/elefantcsont-szinu-lenvaszon-bluz\/#breadcrumb","itemListElement":[{"@type":"ListItem","position":1,"name":"Home","item":"https:\/\/flymetotheloom.com\/"},{"@type":"ListItem","position":2,"name":"Term\u00e9kek","item":"https:\/\/flymetotheloom.com\/termekek\/"},{"@type":"ListItem","position":3,"name":"Bl\u00fazok","item":"https:\/\/flymetotheloom.com\/termekkategoria\/bluzok\/"},{"@type":"ListItem","position":4,"name":"Elef\u00e1ntcsont sz\u00edn\u0171 lenv\u00e1szon bl\u00faz"}]},{"@type":"WebSite","@id":"https:\/\/flymetotheloom.com\/#website","url":"https:\/\/flymetotheloom.com\/","name":"Flymetotheloom.com","description":"M\u00c1RTA s\u00e1lak","publisher":{"@id":"https:\/\/flymetotheloom.com\/#\/schema\/person\/0f955315372e1f00f3f631a9a39a19e8"},"potentialAction":[{"@type":"SearchAction","target":{"@type":"EntryPoint","urlTemplate":"https:\/\/flymetotheloom.com\/?s={search_term_string}"},"query-input":"required name=search_term_string"}],"inLanguage":"en-GB"},{"@type":["Person","Organization"],"@id":"https:\/\/flymetotheloom.com\/#\/schema\/person\/0f955315372e1f00f3f631a9a39a19e8","name":"admin","image":{"@type":"ImageObject","inLanguage":"en-GB","@id":"https:\/\/flymetotheloom.com\/#\/schema\/person\/image\/","url":"https:\/\/flymetotheloom.com\/wp-content\/uploads\/2022\/10\/Marta-logo_vegleges_hatter-nelkul-17.png","contentUrl":"https:\/\/flymetotheloom.com\/wp-content\/uploads\/2022\/10\/Marta-logo_vegleges_hatter-nelkul-17.png","width":828,"height":822,"caption":"admin"},"logo":{"@id":"https:\/\/flymetotheloom.com\/#\/schema\/person\/image\/"},"sameAs":["https:\/\/flymetotheloom.com"]}]}},"_links":{"self":[{"href":"https:\/\/flymetotheloom.com\/eng\/wp-json\/wp\/v2\/product\/2542","targetHints":{"allow":["GET"]}}],"collection":[{"href":"https:\/\/flymetotheloom.com\/eng\/wp-json\/wp\/v2\/product"}],"about":[{"href":"https:\/\/flymetotheloom.com\/eng\/wp-json\/wp\/v2\/types\/product"}],"replies":[{"embeddable":true,"href":"https:\/\/flymetotheloom.com\/eng\/wp-json\/wp\/v2\/comments?post=2542"}],"wp:featuredmedia":[{"embeddable":true,"href":"https:\/\/flymetotheloom.com\/eng\/wp-json\/wp\/v2\/media\/2536"}],"wp:attachment":[{"href":"https:\/\/flymetotheloom.com\/eng\/wp-json\/wp\/v2\/media?parent=2542"}],"wp:term":[{"taxonomy":"product_cat","embeddable":true,"href":"https:\/\/flymetotheloom.com\/eng\/wp-json\/wp\/v2\/product_cat?post=2542"},{"taxonomy":"product_tag","embeddable":true,"href":"https:\/\/flymetotheloom.com\/eng\/wp-json\/wp\/v2\/product_tag?post=2542"}],"curies":[{"name":"wp","href":"https:\/\/api.w.org\/{rel}","templated":true}]}}