{"id":2544,"date":"2025-06-16T08:29:26","date_gmt":"2025-06-16T06:29:26","guid":{"rendered":"https:\/\/flymetotheloom.com\/?post_type=product&#038;p=2544"},"modified":"2025-12-08T09:53:34","modified_gmt":"2025-12-08T08:53:34","slug":"csikos-bourette-selyem-felso","status":"publish","type":"product","link":"https:\/\/flymetotheloom.com\/eng\/bolt\/srtriped-bourette-silk-top\/","title":{"rendered":"Striped bourette silk top"},"content":{"rendered":"<p>Wrap  yourself in the beauty of slow fashion with my handwoven,handsewn bourette silk kimono blouse. Light as air, soft and one of a kind this bohemian-inspired piece in green hues designed for those who cherish individuality.<\/p>\n<p>sustainably made, uniquely yours!<\/p>","protected":false},"excerpt":{"rendered":"<p>Wrap  yourself in the beauty of slow fashion with my handwoven,handsewn bourette silk kimono blouse.<\/p>","protected":false},"featured_media":2532,"comment_status":"closed","ping_status":"closed","template":"","meta":[],"product_cat":[171],"product_tag":[46,44,49,69],"class_list":{"0":"post-2544","1":"product","2":"type-product","3":"status-publish","4":"has-post-thumbnail","6":"product_cat-bluzok","7":"product_tag-bourette-selyem","8":"product_tag-egyedi-ajandek","9":"product_tag-slow-fashion","10":"product_tag-szurke","12":"first","13":"outofstock","14":"sold-individually","15":"shipping-taxable","16":"purchasable","17":"product-type-simple"},"yoast_head":"<!-- This site is optimized with the Yoast SEO Premium plugin v22.1 (Yoast SEO v22.1) - https:\/\/yoast.com\/wordpress\/plugins\/seo\/ -->\n<title>Cs\u00edkos bourette selyem fels\u0151 - Flymetotheloom.com<\/title>\n<meta name=\"description\" content=\"Burkol\u00f3zz a slow fashion vil\u00e1g\u00e1ba ezzel a k\u00e9zzel sz\u0151tt, - varrott bourette selyem kimon\u00f3 hat\u00e1s\u00fa bl\u00fazzal.\" \/>\n<meta name=\"robots\" content=\"noindex, follow\" \/>\n<meta property=\"og:locale\" content=\"en_GB\" \/>\n<meta property=\"og:type\" content=\"article\" \/>\n<meta property=\"og:title\" content=\"Cs\u00edkos bourette selyem fels\u0151\" \/>\n<meta property=\"og:description\" content=\"R\u00f3zsasz\u00edn \u00e9s sz\u00fcrke sz\u00edn\u0171, k\u00e9zzel sz\u0151tt selyems\u00e1l, amib\u0151l csak 1 darab k\u00e9sz\u00fclt az r\u00e9sz vil\u00e1gon. Egyedi, magyar sz\u00f6v\u00e9s\u0171, eleg\u00e1ns slow fashion s\u00e1l.\" \/>\n<meta property=\"og:url\" content=\"https:\/\/flymetotheloom.com\/eng\/bolt\/srtriped-bourette-silk-top\/\" \/>\n<meta property=\"og:site_name\" content=\"Flymetotheloom.com\" \/>\n<meta property=\"article:modified_time\" content=\"2025-12-08T08:53:34+00:00\" \/>\n<meta property=\"og:image\" content=\"https:\/\/flymetotheloom.com\/wp-content\/uploads\/2024\/02\/22003-rozsaszin-szurke-selyemsal-03_min.webp\" \/>\n\t<meta property=\"og:image:width\" content=\"1080\" \/>\n\t<meta property=\"og:image:height\" content=\"1670\" \/>\n\t<meta property=\"og:image:type\" content=\"image\/webp\" \/>\n<meta name=\"twitter:card\" content=\"summary_large_image\" \/>\n<meta name=\"twitter:label1\" content=\"Estimated reading time\" \/>\n\t<meta name=\"twitter:data1\" content=\"1 minute\" \/>\n<script type=\"application\/ld+json\" class=\"yoast-schema-graph\">{\"@context\":\"https:\/\/schema.org\",\"@graph\":[{\"@type\":\"WebPage\",\"@id\":\"https:\/\/flymetotheloom.com\/bolt\/csikos-bourette-selyem-felso\/\",\"url\":\"https:\/\/flymetotheloom.com\/bolt\/csikos-bourette-selyem-felso\/\",\"name\":\"Cs\u00edkos bourette selyem fels\u0151 - Flymetotheloom.com\",\"isPartOf\":{\"@id\":\"https:\/\/flymetotheloom.com\/#website\"},\"datePublished\":\"2025-06-16T06:29:26+00:00\",\"dateModified\":\"2025-12-08T08:53:34+00:00\",\"description\":\"Burkol\u00f3zz a slow fashion vil\u00e1g\u00e1ba ezzel a k\u00e9zzel sz\u0151tt, - varrott bourette selyem kimon\u00f3 hat\u00e1s\u00fa bl\u00fazzal.\",\"breadcrumb\":{\"@id\":\"https:\/\/flymetotheloom.com\/bolt\/csikos-bourette-selyem-felso\/#breadcrumb\"},\"inLanguage\":\"en-GB\",\"potentialAction\":[{\"@type\":\"ReadAction\",\"target\":[\"https:\/\/flymetotheloom.com\/bolt\/csikos-bourette-selyem-felso\/\"]}]},{\"@type\":\"BreadcrumbList\",\"@id\":\"https:\/\/flymetotheloom.com\/bolt\/csikos-bourette-selyem-felso\/#breadcrumb\",\"itemListElement\":[{\"@type\":\"ListItem\",\"position\":1,\"name\":\"Home\",\"item\":\"https:\/\/flymetotheloom.com\/\"},{\"@type\":\"ListItem\",\"position\":2,\"name\":\"Term\u00e9kek\",\"item\":\"https:\/\/flymetotheloom.com\/termekek\/\"},{\"@type\":\"ListItem\",\"position\":3,\"name\":\"Bl\u00fazok\",\"item\":\"https:\/\/flymetotheloom.com\/termekkategoria\/bluzok\/\"},{\"@type\":\"ListItem\",\"position\":4,\"name\":\"Cs\u00edkos bourette selyem fels\u0151\"}]},{\"@type\":\"WebSite\",\"@id\":\"https:\/\/flymetotheloom.com\/#website\",\"url\":\"https:\/\/flymetotheloom.com\/\",\"name\":\"Flymetotheloom.com\",\"description\":\"M\u00c1RTA s\u00e1lak\",\"publisher\":{\"@id\":\"https:\/\/flymetotheloom.com\/#\/schema\/person\/0f955315372e1f00f3f631a9a39a19e8\"},\"potentialAction\":[{\"@type\":\"SearchAction\",\"target\":{\"@type\":\"EntryPoint\",\"urlTemplate\":\"https:\/\/flymetotheloom.com\/?s={search_term_string}\"},\"query-input\":\"required name=search_term_string\"}],\"inLanguage\":\"en-GB\"},{\"@type\":[\"Person\",\"Organization\"],\"@id\":\"https:\/\/flymetotheloom.com\/#\/schema\/person\/0f955315372e1f00f3f631a9a39a19e8\",\"name\":\"admin\",\"image\":{\"@type\":\"ImageObject\",\"inLanguage\":\"en-GB\",\"@id\":\"https:\/\/flymetotheloom.com\/#\/schema\/person\/image\/\",\"url\":\"https:\/\/flymetotheloom.com\/wp-content\/uploads\/2022\/10\/Marta-logo_vegleges_hatter-nelkul-17.png\",\"contentUrl\":\"https:\/\/flymetotheloom.com\/wp-content\/uploads\/2022\/10\/Marta-logo_vegleges_hatter-nelkul-17.png\",\"width\":828,\"height\":822,\"caption\":\"admin\"},\"logo\":{\"@id\":\"https:\/\/flymetotheloom.com\/#\/schema\/person\/image\/\"},\"sameAs\":[\"https:\/\/flymetotheloom.com\"]}]}<\/script>\n<!-- \/ Yoast SEO Premium plugin. -->","yoast_head_json":{"title":"Cs\u00edkos bourette selyem fels\u0151 - Flymetotheloom.com","description":"Burkol\u00f3zz a slow fashion vil\u00e1g\u00e1ba ezzel a k\u00e9zzel sz\u0151tt, - varrott bourette selyem kimon\u00f3 hat\u00e1s\u00fa bl\u00fazzal.","robots":{"index":"noindex","follow":"follow"},"og_locale":"en_GB","og_type":"article","og_title":"Cs\u00edkos bourette selyem fels\u0151","og_description":"R\u00f3zsasz\u00edn \u00e9s sz\u00fcrke sz\u00edn\u0171, k\u00e9zzel sz\u0151tt selyems\u00e1l, amib\u0151l csak 1 darab k\u00e9sz\u00fclt az r\u00e9sz vil\u00e1gon. Egyedi, magyar sz\u00f6v\u00e9s\u0171, eleg\u00e1ns slow fashion s\u00e1l.","og_url":"https:\/\/flymetotheloom.com\/eng\/bolt\/srtriped-bourette-silk-top\/","og_site_name":"Flymetotheloom.com","article_modified_time":"2025-12-08T08:53:34+00:00","og_image":[{"width":1080,"height":1670,"url":"https:\/\/flymetotheloom.com\/wp-content\/uploads\/2024\/02\/22003-rozsaszin-szurke-selyemsal-03_min.webp","type":"image\/webp"}],"twitter_card":"summary_large_image","twitter_misc":{"Estimated reading time":"1 minute"},"schema":{"@context":"https:\/\/schema.org","@graph":[{"@type":"WebPage","@id":"https:\/\/flymetotheloom.com\/bolt\/csikos-bourette-selyem-felso\/","url":"https:\/\/flymetotheloom.com\/bolt\/csikos-bourette-selyem-felso\/","name":"Cs\u00edkos bourette selyem fels\u0151 - Flymetotheloom.com","isPartOf":{"@id":"https:\/\/flymetotheloom.com\/#website"},"datePublished":"2025-06-16T06:29:26+00:00","dateModified":"2025-12-08T08:53:34+00:00","description":"Burkol\u00f3zz a slow fashion vil\u00e1g\u00e1ba ezzel a k\u00e9zzel sz\u0151tt, - varrott bourette selyem kimon\u00f3 hat\u00e1s\u00fa bl\u00fazzal.","breadcrumb":{"@id":"https:\/\/flymetotheloom.com\/bolt\/csikos-bourette-selyem-felso\/#breadcrumb"},"inLanguage":"en-GB","potentialAction":[{"@type":"ReadAction","target":["https:\/\/flymetotheloom.com\/bolt\/csikos-bourette-selyem-felso\/"]}]},{"@type":"BreadcrumbList","@id":"https:\/\/flymetotheloom.com\/bolt\/csikos-bourette-selyem-felso\/#breadcrumb","itemListElement":[{"@type":"ListItem","position":1,"name":"Home","item":"https:\/\/flymetotheloom.com\/"},{"@type":"ListItem","position":2,"name":"Term\u00e9kek","item":"https:\/\/flymetotheloom.com\/termekek\/"},{"@type":"ListItem","position":3,"name":"Bl\u00fazok","item":"https:\/\/flymetotheloom.com\/termekkategoria\/bluzok\/"},{"@type":"ListItem","position":4,"name":"Cs\u00edkos bourette selyem fels\u0151"}]},{"@type":"WebSite","@id":"https:\/\/flymetotheloom.com\/#website","url":"https:\/\/flymetotheloom.com\/","name":"Flymetotheloom.com","description":"M\u00c1RTA s\u00e1lak","publisher":{"@id":"https:\/\/flymetotheloom.com\/#\/schema\/person\/0f955315372e1f00f3f631a9a39a19e8"},"potentialAction":[{"@type":"SearchAction","target":{"@type":"EntryPoint","urlTemplate":"https:\/\/flymetotheloom.com\/?s={search_term_string}"},"query-input":"required name=search_term_string"}],"inLanguage":"en-GB"},{"@type":["Person","Organization"],"@id":"https:\/\/flymetotheloom.com\/#\/schema\/person\/0f955315372e1f00f3f631a9a39a19e8","name":"admin","image":{"@type":"ImageObject","inLanguage":"en-GB","@id":"https:\/\/flymetotheloom.com\/#\/schema\/person\/image\/","url":"https:\/\/flymetotheloom.com\/wp-content\/uploads\/2022\/10\/Marta-logo_vegleges_hatter-nelkul-17.png","contentUrl":"https:\/\/flymetotheloom.com\/wp-content\/uploads\/2022\/10\/Marta-logo_vegleges_hatter-nelkul-17.png","width":828,"height":822,"caption":"admin"},"logo":{"@id":"https:\/\/flymetotheloom.com\/#\/schema\/person\/image\/"},"sameAs":["https:\/\/flymetotheloom.com"]}]}},"_links":{"self":[{"href":"https:\/\/flymetotheloom.com\/eng\/wp-json\/wp\/v2\/product\/2544","targetHints":{"allow":["GET"]}}],"collection":[{"href":"https:\/\/flymetotheloom.com\/eng\/wp-json\/wp\/v2\/product"}],"about":[{"href":"https:\/\/flymetotheloom.com\/eng\/wp-json\/wp\/v2\/types\/product"}],"replies":[{"embeddable":true,"href":"https:\/\/flymetotheloom.com\/eng\/wp-json\/wp\/v2\/comments?post=2544"}],"wp:featuredmedia":[{"embeddable":true,"href":"https:\/\/flymetotheloom.com\/eng\/wp-json\/wp\/v2\/media\/2532"}],"wp:attachment":[{"href":"https:\/\/flymetotheloom.com\/eng\/wp-json\/wp\/v2\/media?parent=2544"}],"wp:term":[{"taxonomy":"product_cat","embeddable":true,"href":"https:\/\/flymetotheloom.com\/eng\/wp-json\/wp\/v2\/product_cat?post=2544"},{"taxonomy":"product_tag","embeddable":true,"href":"https:\/\/flymetotheloom.com\/eng\/wp-json\/wp\/v2\/product_tag?post=2544"}],"curies":[{"name":"wp","href":"https:\/\/api.w.org\/{rel}","templated":true}]}}