{"id":2793,"date":"2025-12-08T11:25:00","date_gmt":"2025-12-08T10:25:00","guid":{"rendered":"https:\/\/flymetotheloom.com\/?post_type=product&#038;p=2793"},"modified":"2025-12-08T17:50:43","modified_gmt":"2025-12-08T16:50:43","slug":"turkiz-homokszinu-len-diszparnahuzat","status":"publish","type":"product","link":"https:\/\/flymetotheloom.com\/eng\/bolt\/turquoise-sand-color-linen-cushion\/","title":{"rendered":"Turquoise-sand color linen cushion"},"content":{"rendered":"<p><span style=\"font-weight: 400;\">K\u00e9zzel sz\u0151tt t\u00fcrkiz-homoksz\u00edn\u0171 lenv\u00e1szon d\u00edszp\u00e1rna.<\/span><\/p>\n<p>Each of my creations is truly one-of-a-kind, carefully made by hand in my home studio.<br \/>\nNo two items are exactly alike, which means each carries it\u2019s own character and charm. They are perfect for adding sophistication and uniqueness to any room. These are all lightweight , breathable materials that require handwash and gentle care.<\/p>","protected":false},"excerpt":{"rendered":"<p>Handwoven turquoise-sand color linen cushion.<\/p>","protected":false},"featured_media":2794,"comment_status":"closed","ping_status":"closed","template":"","meta":[],"product_cat":[93],"product_tag":[44,188,90,94,49,75],"class_list":{"0":"post-2793","1":"product","2":"type-product","3":"status-publish","4":"has-post-thumbnail","6":"product_cat-parnahuzatok","7":"product_tag-egyedi-ajandek","8":"product_tag-homokszin","9":"product_tag-len","10":"product_tag-parnahuzat","11":"product_tag-slow-fashion","12":"product_tag-turkiz","14":"first","15":"instock","16":"sold-individually","17":"shipping-taxable","18":"purchasable","19":"product-type-simple"},"yoast_head":"<!-- This site is optimized with the Yoast SEO Premium plugin v22.1 (Yoast SEO v22.1) - https:\/\/yoast.com\/wordpress\/plugins\/seo\/ -->\n<title>T\u00fcrkiz-homoksz\u00edn\u0171 len d\u00edszp\u00e1rnahuzat - Flymetotheloom.com<\/title>\n<meta name=\"description\" content=\"K\u00e9zzel sz\u0151tt t\u00fcrkiz-homoksz\u00edn\u0171 lenv\u00e1szon d\u00edszp\u00e1rna.\" \/>\n<meta name=\"robots\" content=\"noindex, follow\" \/>\n<meta property=\"og:locale\" content=\"en_GB\" \/>\n<meta property=\"og:type\" content=\"article\" \/>\n<meta property=\"og:title\" content=\"T\u00fcrkiz-homoksz\u00edn\u0171 len d\u00edszp\u00e1rnahuzat\" \/>\n<meta property=\"og:description\" content=\"K\u00e9zzel sz\u0151tt t\u00fcrkiz-homoksz\u00edn\u0171 lenv\u00e1szon d\u00edszp\u00e1rna.\" \/>\n<meta property=\"og:url\" content=\"https:\/\/flymetotheloom.com\/eng\/bolt\/turquoise-sand-color-linen-cushion\/\" \/>\n<meta property=\"og:site_name\" content=\"Flymetotheloom.com\" \/>\n<meta property=\"article:modified_time\" content=\"2025-12-08T16:50:43+00:00\" \/>\n<meta property=\"og:image\" content=\"https:\/\/flymetotheloom.com\/wp-content\/uploads\/2024\/02\/22036-tobbszinu-merino-gyapju-sal-01_min.webp\" \/>\n\t<meta property=\"og:image:width\" content=\"1080\" \/>\n\t<meta property=\"og:image:height\" content=\"1651\" \/>\n\t<meta property=\"og:image:type\" content=\"image\/webp\" \/>\n<meta name=\"twitter:card\" content=\"summary_large_image\" \/>\n<meta name=\"twitter:label1\" content=\"Estimated reading time\" \/>\n\t<meta name=\"twitter:data1\" content=\"1 minute\" \/>\n<script type=\"application\/ld+json\" class=\"yoast-schema-graph\">{\"@context\":\"https:\/\/schema.org\",\"@graph\":[{\"@type\":\"WebPage\",\"@id\":\"https:\/\/flymetotheloom.com\/bolt\/turkiz-homokszinu-len-diszparnahuzat\/\",\"url\":\"https:\/\/flymetotheloom.com\/bolt\/turkiz-homokszinu-len-diszparnahuzat\/\",\"name\":\"T\u00fcrkiz-homoksz\u00edn\u0171 len d\u00edszp\u00e1rnahuzat - Flymetotheloom.com\",\"isPartOf\":{\"@id\":\"https:\/\/flymetotheloom.com\/#website\"},\"datePublished\":\"2025-12-08T10:25:00+00:00\",\"dateModified\":\"2025-12-08T16:50:43+00:00\",\"description\":\"K\u00e9zzel sz\u0151tt t\u00fcrkiz-homoksz\u00edn\u0171 lenv\u00e1szon d\u00edszp\u00e1rna.\",\"breadcrumb\":{\"@id\":\"https:\/\/flymetotheloom.com\/bolt\/turkiz-homokszinu-len-diszparnahuzat\/#breadcrumb\"},\"inLanguage\":\"en-GB\",\"potentialAction\":[{\"@type\":\"ReadAction\",\"target\":[\"https:\/\/flymetotheloom.com\/bolt\/turkiz-homokszinu-len-diszparnahuzat\/\"]}]},{\"@type\":\"BreadcrumbList\",\"@id\":\"https:\/\/flymetotheloom.com\/bolt\/turkiz-homokszinu-len-diszparnahuzat\/#breadcrumb\",\"itemListElement\":[{\"@type\":\"ListItem\",\"position\":1,\"name\":\"Home\",\"item\":\"https:\/\/flymetotheloom.com\/\"},{\"@type\":\"ListItem\",\"position\":2,\"name\":\"Term\u00e9kek\",\"item\":\"https:\/\/flymetotheloom.com\/termekek\/\"},{\"@type\":\"ListItem\",\"position\":3,\"name\":\"P\u00e1rnahuzatok\",\"item\":\"https:\/\/flymetotheloom.com\/termekkategoria\/parnahuzatok\/\"},{\"@type\":\"ListItem\",\"position\":4,\"name\":\"T\u00fcrkiz-homoksz\u00edn\u0171 len d\u00edszp\u00e1rnahuzat\"}]},{\"@type\":\"WebSite\",\"@id\":\"https:\/\/flymetotheloom.com\/#website\",\"url\":\"https:\/\/flymetotheloom.com\/\",\"name\":\"Flymetotheloom.com\",\"description\":\"M\u00c1RTA s\u00e1lak\",\"publisher\":{\"@id\":\"https:\/\/flymetotheloom.com\/#\/schema\/person\/0f955315372e1f00f3f631a9a39a19e8\"},\"potentialAction\":[{\"@type\":\"SearchAction\",\"target\":{\"@type\":\"EntryPoint\",\"urlTemplate\":\"https:\/\/flymetotheloom.com\/?s={search_term_string}\"},\"query-input\":\"required name=search_term_string\"}],\"inLanguage\":\"en-GB\"},{\"@type\":[\"Person\",\"Organization\"],\"@id\":\"https:\/\/flymetotheloom.com\/#\/schema\/person\/0f955315372e1f00f3f631a9a39a19e8\",\"name\":\"admin\",\"image\":{\"@type\":\"ImageObject\",\"inLanguage\":\"en-GB\",\"@id\":\"https:\/\/flymetotheloom.com\/#\/schema\/person\/image\/\",\"url\":\"https:\/\/flymetotheloom.com\/wp-content\/uploads\/2022\/10\/Marta-logo_vegleges_hatter-nelkul-17.png\",\"contentUrl\":\"https:\/\/flymetotheloom.com\/wp-content\/uploads\/2022\/10\/Marta-logo_vegleges_hatter-nelkul-17.png\",\"width\":828,\"height\":822,\"caption\":\"admin\"},\"logo\":{\"@id\":\"https:\/\/flymetotheloom.com\/#\/schema\/person\/image\/\"},\"sameAs\":[\"https:\/\/flymetotheloom.com\"]}]}<\/script>\n<!-- \/ Yoast SEO Premium plugin. -->","yoast_head_json":{"title":"T\u00fcrkiz-homoksz\u00edn\u0171 len d\u00edszp\u00e1rnahuzat - Flymetotheloom.com","description":"K\u00e9zzel sz\u0151tt t\u00fcrkiz-homoksz\u00edn\u0171 lenv\u00e1szon d\u00edszp\u00e1rna.","robots":{"index":"noindex","follow":"follow"},"og_locale":"en_GB","og_type":"article","og_title":"T\u00fcrkiz-homoksz\u00edn\u0171 len d\u00edszp\u00e1rnahuzat","og_description":"K\u00e9zzel sz\u0151tt t\u00fcrkiz-homoksz\u00edn\u0171 lenv\u00e1szon d\u00edszp\u00e1rna.","og_url":"https:\/\/flymetotheloom.com\/eng\/bolt\/turquoise-sand-color-linen-cushion\/","og_site_name":"Flymetotheloom.com","article_modified_time":"2025-12-08T16:50:43+00:00","og_image":[{"width":1080,"height":1651,"url":"https:\/\/flymetotheloom.com\/wp-content\/uploads\/2024\/02\/22036-tobbszinu-merino-gyapju-sal-01_min.webp","type":"image\/webp"}],"twitter_card":"summary_large_image","twitter_misc":{"Estimated reading time":"1 minute"},"schema":{"@context":"https:\/\/schema.org","@graph":[{"@type":"WebPage","@id":"https:\/\/flymetotheloom.com\/bolt\/turkiz-homokszinu-len-diszparnahuzat\/","url":"https:\/\/flymetotheloom.com\/bolt\/turkiz-homokszinu-len-diszparnahuzat\/","name":"T\u00fcrkiz-homoksz\u00edn\u0171 len d\u00edszp\u00e1rnahuzat - Flymetotheloom.com","isPartOf":{"@id":"https:\/\/flymetotheloom.com\/#website"},"datePublished":"2025-12-08T10:25:00+00:00","dateModified":"2025-12-08T16:50:43+00:00","description":"K\u00e9zzel sz\u0151tt t\u00fcrkiz-homoksz\u00edn\u0171 lenv\u00e1szon d\u00edszp\u00e1rna.","breadcrumb":{"@id":"https:\/\/flymetotheloom.com\/bolt\/turkiz-homokszinu-len-diszparnahuzat\/#breadcrumb"},"inLanguage":"en-GB","potentialAction":[{"@type":"ReadAction","target":["https:\/\/flymetotheloom.com\/bolt\/turkiz-homokszinu-len-diszparnahuzat\/"]}]},{"@type":"BreadcrumbList","@id":"https:\/\/flymetotheloom.com\/bolt\/turkiz-homokszinu-len-diszparnahuzat\/#breadcrumb","itemListElement":[{"@type":"ListItem","position":1,"name":"Home","item":"https:\/\/flymetotheloom.com\/"},{"@type":"ListItem","position":2,"name":"Term\u00e9kek","item":"https:\/\/flymetotheloom.com\/termekek\/"},{"@type":"ListItem","position":3,"name":"P\u00e1rnahuzatok","item":"https:\/\/flymetotheloom.com\/termekkategoria\/parnahuzatok\/"},{"@type":"ListItem","position":4,"name":"T\u00fcrkiz-homoksz\u00edn\u0171 len d\u00edszp\u00e1rnahuzat"}]},{"@type":"WebSite","@id":"https:\/\/flymetotheloom.com\/#website","url":"https:\/\/flymetotheloom.com\/","name":"Flymetotheloom.com","description":"M\u00c1RTA s\u00e1lak","publisher":{"@id":"https:\/\/flymetotheloom.com\/#\/schema\/person\/0f955315372e1f00f3f631a9a39a19e8"},"potentialAction":[{"@type":"SearchAction","target":{"@type":"EntryPoint","urlTemplate":"https:\/\/flymetotheloom.com\/?s={search_term_string}"},"query-input":"required name=search_term_string"}],"inLanguage":"en-GB"},{"@type":["Person","Organization"],"@id":"https:\/\/flymetotheloom.com\/#\/schema\/person\/0f955315372e1f00f3f631a9a39a19e8","name":"admin","image":{"@type":"ImageObject","inLanguage":"en-GB","@id":"https:\/\/flymetotheloom.com\/#\/schema\/person\/image\/","url":"https:\/\/flymetotheloom.com\/wp-content\/uploads\/2022\/10\/Marta-logo_vegleges_hatter-nelkul-17.png","contentUrl":"https:\/\/flymetotheloom.com\/wp-content\/uploads\/2022\/10\/Marta-logo_vegleges_hatter-nelkul-17.png","width":828,"height":822,"caption":"admin"},"logo":{"@id":"https:\/\/flymetotheloom.com\/#\/schema\/person\/image\/"},"sameAs":["https:\/\/flymetotheloom.com"]}]}},"_links":{"self":[{"href":"https:\/\/flymetotheloom.com\/eng\/wp-json\/wp\/v2\/product\/2793","targetHints":{"allow":["GET"]}}],"collection":[{"href":"https:\/\/flymetotheloom.com\/eng\/wp-json\/wp\/v2\/product"}],"about":[{"href":"https:\/\/flymetotheloom.com\/eng\/wp-json\/wp\/v2\/types\/product"}],"replies":[{"embeddable":true,"href":"https:\/\/flymetotheloom.com\/eng\/wp-json\/wp\/v2\/comments?post=2793"}],"wp:featuredmedia":[{"embeddable":true,"href":"https:\/\/flymetotheloom.com\/eng\/wp-json\/wp\/v2\/media\/2794"}],"wp:attachment":[{"href":"https:\/\/flymetotheloom.com\/eng\/wp-json\/wp\/v2\/media?parent=2793"}],"wp:term":[{"taxonomy":"product_cat","embeddable":true,"href":"https:\/\/flymetotheloom.com\/eng\/wp-json\/wp\/v2\/product_cat?post=2793"},{"taxonomy":"product_tag","embeddable":true,"href":"https:\/\/flymetotheloom.com\/eng\/wp-json\/wp\/v2\/product_tag?post=2793"}],"curies":[{"name":"wp","href":"https:\/\/api.w.org\/{rel}","templated":true}]}}