{"id":2812,"date":"2025-12-08T11:45:02","date_gmt":"2025-12-08T10:45:02","guid":{"rendered":"https:\/\/flymetotheloom.com\/?post_type=product&#038;p=2812"},"modified":"2025-12-08T11:50:22","modified_gmt":"2025-12-08T10:50:22","slug":"jak-selyem-merino-gyapju-kendo-tavaszi-szinekben","status":"publish","type":"product","link":"https:\/\/flymetotheloom.com\/eng\/bolt\/yak-silk-merino-wool-shawl-in-the-colors-of-spring\/","title":{"rendered":"Yak, silk and merino wool shawl in the colors of spring"},"content":{"rendered":"<p><span style=\"font-weight: 400;\">Monet finom, \u00e1lomszer\u0171 sz\u00ednvil\u00e1ga ihlette ezt a k\u00e9zzel sz\u0151tt s\u00e1lat, amely a tavasz z\u00f6ld \u00e9s r\u00f3zsasz\u00edn \u00e1rnyalataiban ragyog. A jak, selyem \u00e9s merin\u00f3 gyapj\u00fa kever\u00e9ke puha, k\u00f6nny\u0171 \u00e9s eleg\u00e1ns kieg\u00e9sz\u00edt\u0151je b\u00e1rmely \u00f6lt\u00f6z\u00e9knek.<\/span><\/p>\n<p><br style=\"font-weight: 400;\" \/><br style=\"font-weight: 400;\" \/><\/p>","protected":false},"excerpt":{"rendered":"<p><span style=\"font-weight: 400;\"> Inspired by Monet\u2019s soft, dreamlike palette, this handwoven shawl blends shades of green and pink reminiscent of a spring garden. made from luxurious silk and merino wool it feels soft and light, perfect for adding an artistic touch to any outfit.<\/span><\/p>","protected":false},"featured_media":2813,"comment_status":"closed","ping_status":"closed","template":"","meta":[],"product_cat":[104,54],"product_tag":[44,48,52,47,45,49,69,190],"class_list":{"0":"post-2812","1":"product","2":"type-product","3":"status-publish","4":"has-post-thumbnail","6":"product_cat-salak","7":"product_cat-vegyes-szovesu-salak","8":"product_tag-egyedi-ajandek","9":"product_tag-egyedi-sal","10":"product_tag-merino-gyapju-sal","11":"product_tag-puha-sal","12":"product_tag-selyemsal","13":"product_tag-slow-fashion","14":"product_tag-szurke","15":"product_tag-szurkesfeher","17":"first","18":"instock","19":"sold-individually","20":"shipping-taxable","21":"purchasable","22":"product-type-simple"},"yoast_head":"<!-- This site is optimized with the Yoast SEO Premium plugin v22.1 (Yoast SEO v22.1) - https:\/\/yoast.com\/wordpress\/plugins\/seo\/ -->\n<title>Jak-selyem-merin\u00f3 gyapj\u00fa kend\u0151 tavaszi sz\u00ednekben - Flymetotheloom.com<\/title>\n<meta name=\"description\" content=\"A jak, selyem \u00e9s merin\u00f3 gyapj\u00fa kever\u00e9ke puha, k\u00f6nny\u0171 \u00e9s eleg\u00e1ns kieg\u00e9sz\u00edt\u0151je b\u00e1rmely \u00f6lt\u00f6z\u00e9knek.\" \/>\n<meta name=\"robots\" content=\"noindex, follow\" \/>\n<meta property=\"og:locale\" content=\"en_GB\" \/>\n<meta property=\"og:type\" content=\"article\" \/>\n<meta property=\"og:title\" content=\"Jak-selyem-merin\u00f3 gyapj\u00fa kend\u0151 tavaszi sz\u00ednekben\" \/>\n<meta property=\"og:description\" content=\"A jak, selyem \u00e9s merin\u00f3 gyapj\u00fa kever\u00e9ke puha, k\u00f6nny\u0171 \u00e9s eleg\u00e1ns kieg\u00e9sz\u00edt\u0151je b\u00e1rmely \u00f6lt\u00f6z\u00e9knek.\" \/>\n<meta property=\"og:url\" content=\"https:\/\/flymetotheloom.com\/eng\/bolt\/yak-silk-merino-wool-shawl-in-the-colors-of-spring\/\" \/>\n<meta property=\"og:site_name\" content=\"Flymetotheloom.com\" \/>\n<meta property=\"article:modified_time\" content=\"2025-12-08T10:50:22+00:00\" \/>\n<meta property=\"og:image\" content=\"https:\/\/flymetotheloom.com\/wp-content\/uploads\/2024\/02\/22036-tobbszinu-merino-gyapju-sal-01_min.webp\" \/>\n\t<meta property=\"og:image:width\" content=\"1080\" \/>\n\t<meta property=\"og:image:height\" content=\"1651\" \/>\n\t<meta property=\"og:image:type\" content=\"image\/webp\" \/>\n<meta name=\"twitter:card\" content=\"summary_large_image\" \/>\n<meta name=\"twitter:label1\" content=\"Estimated reading time\" \/>\n\t<meta name=\"twitter:data1\" content=\"1 minute\" \/>\n<script type=\"application\/ld+json\" class=\"yoast-schema-graph\">{\"@context\":\"https:\/\/schema.org\",\"@graph\":[{\"@type\":\"WebPage\",\"@id\":\"https:\/\/flymetotheloom.com\/bolt\/jak-selyem-merino-gyapju-kendo-tavaszi-szinekben\/\",\"url\":\"https:\/\/flymetotheloom.com\/bolt\/jak-selyem-merino-gyapju-kendo-tavaszi-szinekben\/\",\"name\":\"Jak-selyem-merin\u00f3 gyapj\u00fa kend\u0151 tavaszi sz\u00ednekben - Flymetotheloom.com\",\"isPartOf\":{\"@id\":\"https:\/\/flymetotheloom.com\/#website\"},\"datePublished\":\"2025-12-08T10:45:02+00:00\",\"dateModified\":\"2025-12-08T10:50:22+00:00\",\"description\":\"A jak, selyem \u00e9s merin\u00f3 gyapj\u00fa kever\u00e9ke puha, k\u00f6nny\u0171 \u00e9s eleg\u00e1ns kieg\u00e9sz\u00edt\u0151je b\u00e1rmely \u00f6lt\u00f6z\u00e9knek.\",\"breadcrumb\":{\"@id\":\"https:\/\/flymetotheloom.com\/bolt\/jak-selyem-merino-gyapju-kendo-tavaszi-szinekben\/#breadcrumb\"},\"inLanguage\":\"en-GB\",\"potentialAction\":[{\"@type\":\"ReadAction\",\"target\":[\"https:\/\/flymetotheloom.com\/bolt\/jak-selyem-merino-gyapju-kendo-tavaszi-szinekben\/\"]}]},{\"@type\":\"BreadcrumbList\",\"@id\":\"https:\/\/flymetotheloom.com\/bolt\/jak-selyem-merino-gyapju-kendo-tavaszi-szinekben\/#breadcrumb\",\"itemListElement\":[{\"@type\":\"ListItem\",\"position\":1,\"name\":\"Home\",\"item\":\"https:\/\/flymetotheloom.com\/\"},{\"@type\":\"ListItem\",\"position\":2,\"name\":\"Term\u00e9kek\",\"item\":\"https:\/\/flymetotheloom.com\/termekek\/\"},{\"@type\":\"ListItem\",\"position\":3,\"name\":\"S\u00e1lak\",\"item\":\"https:\/\/flymetotheloom.com\/termekkategoria\/salak\/\"},{\"@type\":\"ListItem\",\"position\":4,\"name\":\"Jak-selyem-merin\u00f3 gyapj\u00fa kend\u0151 tavaszi sz\u00ednekben\"}]},{\"@type\":\"WebSite\",\"@id\":\"https:\/\/flymetotheloom.com\/#website\",\"url\":\"https:\/\/flymetotheloom.com\/\",\"name\":\"Flymetotheloom.com\",\"description\":\"M\u00c1RTA s\u00e1lak\",\"publisher\":{\"@id\":\"https:\/\/flymetotheloom.com\/#\/schema\/person\/0f955315372e1f00f3f631a9a39a19e8\"},\"potentialAction\":[{\"@type\":\"SearchAction\",\"target\":{\"@type\":\"EntryPoint\",\"urlTemplate\":\"https:\/\/flymetotheloom.com\/?s={search_term_string}\"},\"query-input\":\"required name=search_term_string\"}],\"inLanguage\":\"en-GB\"},{\"@type\":[\"Person\",\"Organization\"],\"@id\":\"https:\/\/flymetotheloom.com\/#\/schema\/person\/0f955315372e1f00f3f631a9a39a19e8\",\"name\":\"admin\",\"image\":{\"@type\":\"ImageObject\",\"inLanguage\":\"en-GB\",\"@id\":\"https:\/\/flymetotheloom.com\/#\/schema\/person\/image\/\",\"url\":\"https:\/\/flymetotheloom.com\/wp-content\/uploads\/2022\/10\/Marta-logo_vegleges_hatter-nelkul-17.png\",\"contentUrl\":\"https:\/\/flymetotheloom.com\/wp-content\/uploads\/2022\/10\/Marta-logo_vegleges_hatter-nelkul-17.png\",\"width\":828,\"height\":822,\"caption\":\"admin\"},\"logo\":{\"@id\":\"https:\/\/flymetotheloom.com\/#\/schema\/person\/image\/\"},\"sameAs\":[\"https:\/\/flymetotheloom.com\"]}]}<\/script>\n<!-- \/ Yoast SEO Premium plugin. -->","yoast_head_json":{"title":"Jak-selyem-merin\u00f3 gyapj\u00fa kend\u0151 tavaszi sz\u00ednekben - Flymetotheloom.com","description":"A jak, selyem \u00e9s merin\u00f3 gyapj\u00fa kever\u00e9ke puha, k\u00f6nny\u0171 \u00e9s eleg\u00e1ns kieg\u00e9sz\u00edt\u0151je b\u00e1rmely \u00f6lt\u00f6z\u00e9knek.","robots":{"index":"noindex","follow":"follow"},"og_locale":"en_GB","og_type":"article","og_title":"Jak-selyem-merin\u00f3 gyapj\u00fa kend\u0151 tavaszi sz\u00ednekben","og_description":"A jak, selyem \u00e9s merin\u00f3 gyapj\u00fa kever\u00e9ke puha, k\u00f6nny\u0171 \u00e9s eleg\u00e1ns kieg\u00e9sz\u00edt\u0151je b\u00e1rmely \u00f6lt\u00f6z\u00e9knek.","og_url":"https:\/\/flymetotheloom.com\/eng\/bolt\/yak-silk-merino-wool-shawl-in-the-colors-of-spring\/","og_site_name":"Flymetotheloom.com","article_modified_time":"2025-12-08T10:50:22+00:00","og_image":[{"width":1080,"height":1651,"url":"https:\/\/flymetotheloom.com\/wp-content\/uploads\/2024\/02\/22036-tobbszinu-merino-gyapju-sal-01_min.webp","type":"image\/webp"}],"twitter_card":"summary_large_image","twitter_misc":{"Estimated reading time":"1 minute"},"schema":{"@context":"https:\/\/schema.org","@graph":[{"@type":"WebPage","@id":"https:\/\/flymetotheloom.com\/bolt\/jak-selyem-merino-gyapju-kendo-tavaszi-szinekben\/","url":"https:\/\/flymetotheloom.com\/bolt\/jak-selyem-merino-gyapju-kendo-tavaszi-szinekben\/","name":"Jak-selyem-merin\u00f3 gyapj\u00fa kend\u0151 tavaszi sz\u00ednekben - Flymetotheloom.com","isPartOf":{"@id":"https:\/\/flymetotheloom.com\/#website"},"datePublished":"2025-12-08T10:45:02+00:00","dateModified":"2025-12-08T10:50:22+00:00","description":"A jak, selyem \u00e9s merin\u00f3 gyapj\u00fa kever\u00e9ke puha, k\u00f6nny\u0171 \u00e9s eleg\u00e1ns kieg\u00e9sz\u00edt\u0151je b\u00e1rmely \u00f6lt\u00f6z\u00e9knek.","breadcrumb":{"@id":"https:\/\/flymetotheloom.com\/bolt\/jak-selyem-merino-gyapju-kendo-tavaszi-szinekben\/#breadcrumb"},"inLanguage":"en-GB","potentialAction":[{"@type":"ReadAction","target":["https:\/\/flymetotheloom.com\/bolt\/jak-selyem-merino-gyapju-kendo-tavaszi-szinekben\/"]}]},{"@type":"BreadcrumbList","@id":"https:\/\/flymetotheloom.com\/bolt\/jak-selyem-merino-gyapju-kendo-tavaszi-szinekben\/#breadcrumb","itemListElement":[{"@type":"ListItem","position":1,"name":"Home","item":"https:\/\/flymetotheloom.com\/"},{"@type":"ListItem","position":2,"name":"Term\u00e9kek","item":"https:\/\/flymetotheloom.com\/termekek\/"},{"@type":"ListItem","position":3,"name":"S\u00e1lak","item":"https:\/\/flymetotheloom.com\/termekkategoria\/salak\/"},{"@type":"ListItem","position":4,"name":"Jak-selyem-merin\u00f3 gyapj\u00fa kend\u0151 tavaszi sz\u00ednekben"}]},{"@type":"WebSite","@id":"https:\/\/flymetotheloom.com\/#website","url":"https:\/\/flymetotheloom.com\/","name":"Flymetotheloom.com","description":"M\u00c1RTA s\u00e1lak","publisher":{"@id":"https:\/\/flymetotheloom.com\/#\/schema\/person\/0f955315372e1f00f3f631a9a39a19e8"},"potentialAction":[{"@type":"SearchAction","target":{"@type":"EntryPoint","urlTemplate":"https:\/\/flymetotheloom.com\/?s={search_term_string}"},"query-input":"required name=search_term_string"}],"inLanguage":"en-GB"},{"@type":["Person","Organization"],"@id":"https:\/\/flymetotheloom.com\/#\/schema\/person\/0f955315372e1f00f3f631a9a39a19e8","name":"admin","image":{"@type":"ImageObject","inLanguage":"en-GB","@id":"https:\/\/flymetotheloom.com\/#\/schema\/person\/image\/","url":"https:\/\/flymetotheloom.com\/wp-content\/uploads\/2022\/10\/Marta-logo_vegleges_hatter-nelkul-17.png","contentUrl":"https:\/\/flymetotheloom.com\/wp-content\/uploads\/2022\/10\/Marta-logo_vegleges_hatter-nelkul-17.png","width":828,"height":822,"caption":"admin"},"logo":{"@id":"https:\/\/flymetotheloom.com\/#\/schema\/person\/image\/"},"sameAs":["https:\/\/flymetotheloom.com"]}]}},"_links":{"self":[{"href":"https:\/\/flymetotheloom.com\/eng\/wp-json\/wp\/v2\/product\/2812","targetHints":{"allow":["GET"]}}],"collection":[{"href":"https:\/\/flymetotheloom.com\/eng\/wp-json\/wp\/v2\/product"}],"about":[{"href":"https:\/\/flymetotheloom.com\/eng\/wp-json\/wp\/v2\/types\/product"}],"replies":[{"embeddable":true,"href":"https:\/\/flymetotheloom.com\/eng\/wp-json\/wp\/v2\/comments?post=2812"}],"wp:featuredmedia":[{"embeddable":true,"href":"https:\/\/flymetotheloom.com\/eng\/wp-json\/wp\/v2\/media\/2813"}],"wp:attachment":[{"href":"https:\/\/flymetotheloom.com\/eng\/wp-json\/wp\/v2\/media?parent=2812"}],"wp:term":[{"taxonomy":"product_cat","embeddable":true,"href":"https:\/\/flymetotheloom.com\/eng\/wp-json\/wp\/v2\/product_cat?post=2812"},{"taxonomy":"product_tag","embeddable":true,"href":"https:\/\/flymetotheloom.com\/eng\/wp-json\/wp\/v2\/product_tag?post=2812"}],"curies":[{"name":"wp","href":"https:\/\/api.w.org\/{rel}","templated":true}]}}